{"id":13681,"date":"2022-05-26T14:38:02","date_gmt":"2022-05-26T12:38:02","guid":{"rendered":"https:\/\/hiieharmdesign.com\/?page_id=13681"},"modified":"2025-03-24T10:26:36","modified_gmt":"2025-03-24T08:26:36","slug":"kiire-abi","status":"publish","type":"page","link":"https:\/\/hiieharmdesign.com\/et\/kiire-abi\/","title":{"rendered":"Kiire abi Sinu k\u00f6\u00f6gidisaini probleemile"},"content":{"rendered":"<div class=\"wpb-content-wrapper\"><p>[vc_row css_animation=&#8221;&#8221; row_type=&#8221;row&#8221; use_row_as_full_screen_section=&#8221;no&#8221; type=&#8221;full_width&#8221; angled_section=&#8221;no&#8221; text_align=&#8221;left&#8221; background_image_as_pattern=&#8221;without_pattern&#8221;][vc_column][vc_empty_space height=&#8221;50px&#8221;][vc_column_text css=&#8221;.vc_custom_1653758878530{padding-bottom: 20px !important;}&#8221;]<\/p>\n<h1 style=\"text-align: center;\">Kiire abi Sinu k\u00f6\u00f6gidisaini k\u00fcsimusele<\/h1>\n<p>[\/vc_column_text][vc_column_text css=&#8221;.vc_custom_1653885634191{padding-bottom: 20px !important;}&#8221;]<\/p>\n<h2 style=\"text-align: center;\">Zoomi v\u00f5i e-maili teel<\/h2>\n<p>[\/vc_column_text][vc_empty_space height=&#8221;75px&#8221;][\/vc_column][\/vc_row][vc_row css_animation=&#8221;&#8221; row_type=&#8221;row&#8221; use_row_as_full_screen_section=&#8221;no&#8221; type=&#8221;grid&#8221; angled_section=&#8221;no&#8221; text_align=&#8221;left&#8221; background_image_as_pattern=&#8221;without_pattern&#8221; z_index=&#8221;&#8221;][vc_column width=&#8221;1\/2&#8243;][vc_single_image image=&#8221;16494&#8243; img_size=&#8221;full&#8221; alignment=&#8221;center&#8221; qode_css_animation=&#8221;&#8221;][\/vc_column][vc_column width=&#8221;1\/2&#8243;][vc_column_text css=&#8221;.vc_custom_1653761137782{padding-bottom: 20px !important;}&#8221;]<\/p>\n<h1 style=\"text-align: center;\">Kuidas see toimub?<\/h1>\n<p>[\/vc_column_text][vc_column_text css=&#8221;.vc_custom_1653759378177{padding-bottom: 20px !important;}&#8221;]<\/p>\n<p style=\"text-align: left;\">Kirjuta mulle <strong>e-mail oma k\u00fcsimusega<\/strong>. V\u00f5id k\u00fcsida nii palju, kui k\u00fcsimusi on. <strong>Mida rohkem Sa r\u00e4\u00e4gid<\/strong> mulle oma k\u00f6\u00f6gist ja inimestest, kes seal toimetavad, kogu olukorrast, seda <strong>paremini oskan Sind aidata<\/strong>.<\/p>\n<p>[\/vc_column_text][vc_column_text css=&#8221;.vc_custom_1653759356056{padding-bottom: 20px !important;}&#8221;]<\/p>\n<p style=\"text-align: left;\">Seej\u00e4rel lepime kokku <strong>zoomi kohtumise kuup\u00e4eva ja kellaaja<\/strong>. Saadan sulle emailiga zoomi lingi. \u00d5igel ajahetkel sellele vajutades saamegi omavahel r\u00e4\u00e4kida. Kindlasti vajuta ka oma <strong>arvutis video ja heli<\/strong> sisse.<\/p>\n<p>[\/vc_column_text][vc_column_text css=&#8221;.vc_custom_1653759428509{padding-bottom: 20px !important;}&#8221;]<\/p>\n<p style=\"text-align: left;\">Juhul, kui Sa ei soovi zoomi konsultatsiooni vaid hoopis<strong> e-maili v\u00f5i messengeri teel k\u00fcsida,<\/strong> siis ka see on v\u00f5imalik. Vastan <strong>kokku<\/strong> <strong>10-le k\u00fcsimusele<\/strong>, mis v\u00f5id esitada erinevate mailide\/messengeri tekstis\u00f5numite kaudu.<\/p>\n<p>[\/vc_column_text][\/vc_column][\/vc_row][vc_row css_animation=&#8221;&#8221; row_type=&#8221;row&#8221; use_row_as_full_screen_section=&#8221;no&#8221; type=&#8221;full_width&#8221; angled_section=&#8221;no&#8221; text_align=&#8221;left&#8221; background_image_as_pattern=&#8221;without_pattern&#8221;][vc_column width=&#8221;1\/2&#8243;][vc_empty_space height=&#8221;75px&#8221;][vc_single_image image=&#8221;13725&#8243; img_size=&#8221;large&#8221; alignment=&#8221;center&#8221; qode_css_animation=&#8221;&#8221;][vc_empty_space][\/vc_column][vc_column width=&#8221;1\/2&#8243;][vc_empty_space height=&#8221;75px&#8221;][vc_single_image image=&#8221;16550&#8243; img_size=&#8221;large&#8221; alignment=&#8221;center&#8221; qode_css_animation=&#8221;&#8221;][vc_empty_space height=&#8221;75px&#8221;][\/vc_column][\/vc_row][vc_row css_animation=&#8221;&#8221; row_type=&#8221;row&#8221; use_row_as_full_screen_section=&#8221;no&#8221; type=&#8221;full_width&#8221; angled_section=&#8221;no&#8221; text_align=&#8221;left&#8221; background_image_as_pattern=&#8221;without_pattern&#8221;][vc_column][vc_empty_space height=&#8221;75px&#8221;][vc_column_text css=&#8221;.vc_custom_1653760889379{padding-bottom: 20px !important;}&#8221;]<\/p>\n<h1 style=\"text-align: center;\">Konsultatsiooni hind:<\/h1>\n<p>[\/vc_column_text][vc_column_text css=&#8221;.vc_custom_1742804747311{padding-top: 20px !important;}&#8221;]<\/p>\n<h2 style=\"text-align: center;\">30 min &#8211; <span style=\"color: #e20931;\">49 \u20ac<\/span><\/h2>\n<p>[\/vc_column_text][vc_column_text css=&#8221;.vc_custom_1742804791246{padding-bottom: 20px !important;}&#8221;]<\/p>\n<h2 style=\"text-align: center;\">60 min &#8211;\u00a0<span style=\"color: #e20931;\">79 \u20ac<\/span><\/h2>\n<p>[\/vc_column_text][vc_empty_space height=&#8221;75px&#8221;][\/vc_column][\/vc_row][vc_row css_animation=&#8221;&#8221; row_type=&#8221;row&#8221; use_row_as_full_screen_section=&#8221;no&#8221; type=&#8221;full_width&#8221; angled_section=&#8221;no&#8221; text_align=&#8221;left&#8221; background_image_as_pattern=&#8221;without_pattern&#8221;][vc_column][vc_column_text css=&#8221;.vc_custom_1653759476782{padding-bottom: 20px !important;}&#8221;]<\/p>\n<h1 style=\"text-align: center;\">Kirjuta oma k\u00fcsimus siia<\/h1>\n<p>[\/vc_column_text][\/vc_column][\/vc_row][vc_row css_animation=&#8221;&#8221; row_type=&#8221;row&#8221; use_row_as_full_screen_section=&#8221;no&#8221; type=&#8221;full_width&#8221; angled_section=&#8221;no&#8221; text_align=&#8221;left&#8221; background_image_as_pattern=&#8221;without_pattern&#8221;][vc_column width=&#8221;1\/4&#8243;][\/vc_column][vc_column width=&#8221;1\/2&#8243;]<div class=\"wpforms-container wpforms-container-full\" id=\"wpforms-13734\"><form id=\"wpforms-form-13734\" class=\"wpforms-validate wpforms-form\" data-formid=\"13734\" method=\"post\" enctype=\"multipart\/form-data\" action=\"\/et\/wp-json\/wp\/v2\/pages\/13681\" data-token=\"f053745e97fb7ecf3fca2f1f0aeedb65\" data-token-time=\"1776776037\"><noscript class=\"wpforms-error-noscript\">Please enable JavaScript in your browser to complete this form.<\/noscript><div class=\"wpforms-field-container\"><div id=\"wpforms-13734-field_0-container\" class=\"wpforms-field wpforms-field-name\" data-field-id=\"0\"><label class=\"wpforms-field-label wpforms-label-hide\" for=\"wpforms-13734-field_0\">Nimi <span class=\"wpforms-required-label\">*<\/span><\/label><input type=\"text\" id=\"wpforms-13734-field_0\" class=\"wpforms-field-large wpforms-field-required\" name=\"wpforms[fields][0]\" placeholder=\"Sinu nimi\" required><\/div><div id=\"wpforms-13734-field_1-container\" class=\"wpforms-field wpforms-field-email\" data-field-id=\"1\"><label class=\"wpforms-field-label wpforms-label-hide\" for=\"wpforms-13734-field_1\">Email <span class=\"wpforms-required-label\">*<\/span><\/label><input type=\"email\" id=\"wpforms-13734-field_1\" class=\"wpforms-field-large wpforms-field-required\" name=\"wpforms[fields][1]\" placeholder=\"Sinu e-maili aadress\" spellcheck=\"false\" required><\/div><div id=\"wpforms-13734-field_2-container\" class=\"wpforms-field wpforms-field-textarea\" data-field-id=\"2\"><label class=\"wpforms-field-label wpforms-label-hide\" for=\"wpforms-13734-field_2\">K\u00fcsimus <span class=\"wpforms-required-label\">*<\/span><\/label><textarea id=\"wpforms-13734-field_2\" class=\"wpforms-field-medium wpforms-field-required\" name=\"wpforms[fields][2]\" placeholder=\"Kirjuta siia\" required><\/textarea><\/div><\/div><!-- .wpforms-field-container --><div class=\"wpforms-field wpforms-field-hp\"><label for=\"wpforms-13734-field-hp\" class=\"wpforms-field-label\">Website<\/label><input type=\"text\" name=\"wpforms[hp]\" id=\"wpforms-13734-field-hp\" class=\"wpforms-field-medium\"><\/div><div class=\"wpforms-submit-container\" ><input type=\"hidden\" name=\"wpforms[id]\" value=\"13734\"><input type=\"hidden\" name=\"page_title\" value=\"\"><input type=\"hidden\" name=\"page_url\" value=\"https:\/\/hiieharmdesign.com\/et\/wp-json\/wp\/v2\/pages\/13681\"><input type=\"hidden\" name=\"url_referer\" value=\"\"><button type=\"submit\" name=\"wpforms[submit]\" id=\"wpforms-submit-13734\" class=\"wpforms-submit\" data-alt-text=\"Saadan ...\" data-submit-text=\"Saada\" aria-live=\"assertive\" value=\"wpforms-submit\">Saada<\/button><\/div><\/form><\/div>  <!-- .wpforms-container -->[\/vc_column][vc_column width=&#8221;1\/4&#8243;][\/vc_column][\/vc_row]<\/p>\n<\/div>","protected":false},"excerpt":{"rendered":"<p>[vc_row css_animation=&#8221;&#8221; row_type=&#8221;row&#8221; use_row_as_full_screen_section=&#8221;no&#8221; type=&#8221;full_width&#8221; angled_section=&#8221;no&#8221; text_align=&#8221;left&#8221; background_image_as_pattern=&#8221;without_pattern&#8221;][vc_column][vc_empty_space height=&#8221;50px&#8221;][vc_column_text css=&#8221;.vc_custom_1653758878530{padding-bottom: 20px !important;}&#8221;] Kiire abi Sinu k\u00f6\u00f6gidisaini k\u00fcsimusele [\/vc_column_text][vc_column_text css=&#8221;.vc_custom_1653885634191{padding-bottom: 20px !important;}&#8221;] Zoomi v\u00f5i e-maili teel [\/vc_column_text][vc_empty_space height=&#8221;75px&#8221;][\/vc_column][\/vc_row][vc_row css_animation=&#8221;&#8221; row_type=&#8221;row&#8221; use_row_as_full_screen_section=&#8221;no&#8221; type=&#8221;grid&#8221; angled_section=&#8221;no&#8221; text_align=&#8221;left&#8221; background_image_as_pattern=&#8221;without_pattern&#8221; z_index=&#8221;&#8221;][vc_column width=&#8221;1\/2&#8243;][vc_single_image image=&#8221;16494&#8243; img_size=&#8221;full&#8221; alignment=&#8221;center&#8221; qode_css_animation=&#8221;&#8221;][\/vc_column][vc_column width=&#8221;1\/2&#8243;][vc_column_text css=&#8221;.vc_custom_1653761137782{padding-bottom: 20px !important;}&#8221;] Kuidas see toimub? [\/vc_column_text][vc_column_text css=&#8221;.vc_custom_1653759378177{padding-bottom: 20px !important;}&#8221;] Kirjuta mulle e-mail oma k\u00fcsimusega. V\u00f5id k\u00fcsida nii palju, kui k\u00fcsimusi on. Mida rohkem Sa r\u00e4\u00e4gid mulle oma k\u00f6\u00f6gist&#8230;<\/p>\n","protected":false},"author":1,"featured_media":0,"parent":0,"menu_order":0,"comment_status":"closed","ping_status":"closed","template":"","meta":{"_monsterinsights_skip_tracking":false,"_monsterinsights_sitenote_active":false,"_monsterinsights_sitenote_note":"","_monsterinsights_sitenote_category":0,"footnotes":""},"class_list":["post-13681","page","type-page","status-publish","hentry"],"yoast_head":"<!-- This site is optimized with the Yoast SEO plugin v25.6 - https:\/\/yoast.com\/wordpress\/plugins\/seo\/ -->\n<title>Kiire abi Sinu k\u00f6\u00f6gidisaini probleemile - Hiie H\u00e4rm<\/title>\n<meta name=\"description\" content=\"K\u00f6\u00f6gikujundaja aitab sinu unistuste k\u00f6\u00f6gi plaanid teoks teha.\" \/>\n<meta name=\"robots\" content=\"index, follow, max-snippet:-1, max-image-preview:large, max-video-preview:-1\" \/>\n<link rel=\"canonical\" href=\"https:\/\/hiieharmdesign.com\/et\/kiire-abi\/\" \/>\n<meta property=\"og:locale\" content=\"et_EE\" \/>\n<meta property=\"og:type\" content=\"article\" \/>\n<meta property=\"og:title\" content=\"Kiire abi Sinu k\u00f6\u00f6gidisaini probleemile - Hiie H\u00e4rm\" \/>\n<meta property=\"og:description\" content=\"K\u00f6\u00f6gikujundaja aitab sinu unistuste k\u00f6\u00f6gi plaanid teoks teha.\" \/>\n<meta property=\"og:url\" content=\"https:\/\/hiieharmdesign.com\/et\/kiire-abi\/\" \/>\n<meta property=\"og:site_name\" content=\"Hiie H\u00e4rm\" \/>\n<meta property=\"article:modified_time\" content=\"2025-03-24T08:26:36+00:00\" \/>\n<meta name=\"twitter:card\" content=\"summary_large_image\" \/>\n<meta name=\"twitter:label1\" content=\"Est. reading time\" \/>\n\t<meta name=\"twitter:data1\" content=\"2 minutit\" \/>\n<script type=\"application\/ld+json\" class=\"yoast-schema-graph\">{\"@context\":\"https:\/\/schema.org\",\"@graph\":[{\"@type\":\"WebPage\",\"@id\":\"https:\/\/hiieharmdesign.com\/et\/kiire-abi\/\",\"url\":\"https:\/\/hiieharmdesign.com\/et\/kiire-abi\/\",\"name\":\"Kiire abi Sinu k\u00f6\u00f6gidisaini probleemile - Hiie H\u00e4rm\",\"isPartOf\":{\"@id\":\"https:\/\/hiieharmdesign.com\/#website\"},\"datePublished\":\"2022-05-26T12:38:02+00:00\",\"dateModified\":\"2025-03-24T08:26:36+00:00\",\"description\":\"K\u00f6\u00f6gikujundaja aitab sinu unistuste k\u00f6\u00f6gi plaanid teoks teha.\",\"breadcrumb\":{\"@id\":\"https:\/\/hiieharmdesign.com\/et\/kiire-abi\/#breadcrumb\"},\"inLanguage\":\"et\",\"potentialAction\":[{\"@type\":\"ReadAction\",\"target\":[\"https:\/\/hiieharmdesign.com\/et\/kiire-abi\/\"]}]},{\"@type\":\"BreadcrumbList\",\"@id\":\"https:\/\/hiieharmdesign.com\/et\/kiire-abi\/#breadcrumb\",\"itemListElement\":[{\"@type\":\"ListItem\",\"position\":1,\"name\":\"Home\",\"item\":\"https:\/\/hiieharmdesign.com\/et\/\"},{\"@type\":\"ListItem\",\"position\":2,\"name\":\"Kiire abi Sinu k\u00f6\u00f6gidisaini probleemile\"}]},{\"@type\":\"WebSite\",\"@id\":\"https:\/\/hiieharmdesign.com\/#website\",\"url\":\"https:\/\/hiieharmdesign.com\/\",\"name\":\"Hiie H\u00e4rm\",\"description\":\"Kitchen Designer in web\",\"potentialAction\":[{\"@type\":\"SearchAction\",\"target\":{\"@type\":\"EntryPoint\",\"urlTemplate\":\"https:\/\/hiieharmdesign.com\/?s={search_term_string}\"},\"query-input\":{\"@type\":\"PropertyValueSpecification\",\"valueRequired\":true,\"valueName\":\"search_term_string\"}}],\"inLanguage\":\"et\"}]}<\/script>\n<!-- \/ Yoast SEO plugin. -->","yoast_head_json":{"title":"Kiire abi Sinu k\u00f6\u00f6gidisaini probleemile - Hiie H\u00e4rm","description":"K\u00f6\u00f6gikujundaja aitab sinu unistuste k\u00f6\u00f6gi plaanid teoks teha.","robots":{"index":"index","follow":"follow","max-snippet":"max-snippet:-1","max-image-preview":"max-image-preview:large","max-video-preview":"max-video-preview:-1"},"canonical":"https:\/\/hiieharmdesign.com\/et\/kiire-abi\/","og_locale":"et_EE","og_type":"article","og_title":"Kiire abi Sinu k\u00f6\u00f6gidisaini probleemile - Hiie H\u00e4rm","og_description":"K\u00f6\u00f6gikujundaja aitab sinu unistuste k\u00f6\u00f6gi plaanid teoks teha.","og_url":"https:\/\/hiieharmdesign.com\/et\/kiire-abi\/","og_site_name":"Hiie H\u00e4rm","article_modified_time":"2025-03-24T08:26:36+00:00","twitter_card":"summary_large_image","twitter_misc":{"Est. reading time":"2 minutit"},"schema":{"@context":"https:\/\/schema.org","@graph":[{"@type":"WebPage","@id":"https:\/\/hiieharmdesign.com\/et\/kiire-abi\/","url":"https:\/\/hiieharmdesign.com\/et\/kiire-abi\/","name":"Kiire abi Sinu k\u00f6\u00f6gidisaini probleemile - Hiie H\u00e4rm","isPartOf":{"@id":"https:\/\/hiieharmdesign.com\/#website"},"datePublished":"2022-05-26T12:38:02+00:00","dateModified":"2025-03-24T08:26:36+00:00","description":"K\u00f6\u00f6gikujundaja aitab sinu unistuste k\u00f6\u00f6gi plaanid teoks teha.","breadcrumb":{"@id":"https:\/\/hiieharmdesign.com\/et\/kiire-abi\/#breadcrumb"},"inLanguage":"et","potentialAction":[{"@type":"ReadAction","target":["https:\/\/hiieharmdesign.com\/et\/kiire-abi\/"]}]},{"@type":"BreadcrumbList","@id":"https:\/\/hiieharmdesign.com\/et\/kiire-abi\/#breadcrumb","itemListElement":[{"@type":"ListItem","position":1,"name":"Home","item":"https:\/\/hiieharmdesign.com\/et\/"},{"@type":"ListItem","position":2,"name":"Kiire abi Sinu k\u00f6\u00f6gidisaini probleemile"}]},{"@type":"WebSite","@id":"https:\/\/hiieharmdesign.com\/#website","url":"https:\/\/hiieharmdesign.com\/","name":"Hiie H\u00e4rm","description":"Kitchen Designer in web","potentialAction":[{"@type":"SearchAction","target":{"@type":"EntryPoint","urlTemplate":"https:\/\/hiieharmdesign.com\/?s={search_term_string}"},"query-input":{"@type":"PropertyValueSpecification","valueRequired":true,"valueName":"search_term_string"}}],"inLanguage":"et"}]}},"_links":{"self":[{"href":"https:\/\/hiieharmdesign.com\/et\/wp-json\/wp\/v2\/pages\/13681"}],"collection":[{"href":"https:\/\/hiieharmdesign.com\/et\/wp-json\/wp\/v2\/pages"}],"about":[{"href":"https:\/\/hiieharmdesign.com\/et\/wp-json\/wp\/v2\/types\/page"}],"author":[{"embeddable":true,"href":"https:\/\/hiieharmdesign.com\/et\/wp-json\/wp\/v2\/users\/1"}],"replies":[{"embeddable":true,"href":"https:\/\/hiieharmdesign.com\/et\/wp-json\/wp\/v2\/comments?post=13681"}],"version-history":[{"count":6,"href":"https:\/\/hiieharmdesign.com\/et\/wp-json\/wp\/v2\/pages\/13681\/revisions"}],"predecessor-version":[{"id":22156,"href":"https:\/\/hiieharmdesign.com\/et\/wp-json\/wp\/v2\/pages\/13681\/revisions\/22156"}],"wp:attachment":[{"href":"https:\/\/hiieharmdesign.com\/et\/wp-json\/wp\/v2\/media?parent=13681"}],"curies":[{"name":"wp","href":"https:\/\/api.w.org\/{rel}","templated":true}]}}