{"id":13937,"date":"2022-06-21T10:04:22","date_gmt":"2022-06-21T08:04:22","guid":{"rendered":"https:\/\/hiieharmdesign.com\/?page_id=13937"},"modified":"2025-10-15T10:11:41","modified_gmt":"2025-10-15T08:11:41","slug":"videod","status":"publish","type":"page","link":"https:\/\/hiieharmdesign.com\/et\/videod\/","title":{"rendered":"Videod"},"content":{"rendered":"<div class=\"wpb-content-wrapper\"><p>[vc_row css_animation=&#8221;&#8221; row_type=&#8221;row&#8221; use_row_as_full_screen_section=&#8221;no&#8221; type=&#8221;full_width&#8221; angled_section=&#8221;no&#8221; text_align=&#8221;left&#8221; background_image_as_pattern=&#8221;without_pattern&#8221; z_index=&#8221;&#8221;][vc_column width=&#8221;1\/4&#8243; css=&#8221;.vc_custom_1653550337230{padding-right: 25px !important;}&#8221;][\/vc_column][vc_column width=&#8221;1\/2&#8243;][vc_column_text css=&#8221;.vc_custom_1760435269557{padding-bottom: 50px !important;}&#8221;]<\/p>\n<h1 style=\"text-align: center;\" data-start=\"85\" data-end=\"128\"><b>Lihtne ja mugav<\/b><\/h1>\n<p>[\/vc_column_text][vc_column_text css=&#8221;.vc_custom_1760435301253{padding-bottom: 20px !important;}&#8221;]<\/p>\n<p style=\"text-align: center;\" data-start=\"130\" data-end=\"266\">Minu videokursused on loodud nii, et alustamine oleks v\u00f5imalikult lihtne.<br data-start=\"203\" data-end=\"206\" \/><strong>Ei pea<\/strong> kuhugi <strong>sisse logima<\/strong>, <strong>kontot looma<\/strong> ega <strong>e-kirju ootama<\/strong>.<\/p>\n<p>[\/vc_column_text][vc_column_text css=&#8221;.vc_custom_1760440449642{padding-bottom: 20px !important;}&#8221;]<\/p>\n<p style=\"text-align: center;\" data-start=\"268\" data-end=\"435\">Kl\u00f5psa lihtsalt lingile ja tasu kursuse eest.<\/p>\n<p style=\"text-align: center;\" data-start=\"268\" data-end=\"435\">Peale makse \u00f5nnestumist ilmub kohe paremale poole kinnitustekst ja kursuse link ning saad kohe vaatama hakata.<\/p>\n<p>[\/vc_column_text][vc_column_text css=&#8221;.vc_custom_1760435367012{padding-bottom: 20px !important;}&#8221;]<\/p>\n<p style=\"text-align: center;\" data-start=\"268\" data-end=\"435\">Saad video pausile panna, tagasi kerida ja vaadata nii palju kordi, kui soovid \u2013 ilma piiranguteta.<\/p>\n<p>[\/vc_column_text][vc_column_text css=&#8221;.vc_custom_1760435360835{padding-bottom: 20px !important;}&#8221;]<\/p>\n<p style=\"text-align: center;\" data-start=\"437\" data-end=\"505\">Nii lihtne see ongi!<\/p>\n<p>[\/vc_column_text][\/vc_column][vc_column width=&#8221;1\/4&#8243;][\/vc_column][\/vc_row][vc_row css_animation=&#8221;&#8221; row_type=&#8221;row&#8221; use_row_as_full_screen_section=&#8221;no&#8221; type=&#8221;full_width&#8221; angled_section=&#8221;no&#8221; text_align=&#8221;left&#8221; background_image_as_pattern=&#8221;without_pattern&#8221; css=&#8221;.vc_custom_1653552143509{padding-top: 50px !important;}&#8221; z_index=&#8221;&#8221;][vc_column width=&#8221;1\/2&#8243; css=&#8221;.vc_custom_1653550337230{padding-right: 25px !important;}&#8221;][vc_column_text css=&#8221;.vc_custom_1655751872922{padding-top: 20px !important;padding-bottom: 20px !important;}&#8221;]<\/p>\n<h2 style=\"text-align: center;\">\u00d5petus k\u00f6\u00f6gi m\u00f5\u00f5tmiseks<\/h2>\n<p>[\/vc_column_text][vc_single_image image=&#8221;13845&#8243; img_size=&#8221;full&#8221; alignment=&#8221;center&#8221; style=&#8221;vc_box_border&#8221; onclick=&#8221;custom_link&#8221; img_link_target=&#8221;_blank&#8221; css=&#8221;.vc_custom_1669755897235{padding-top: 20px !important;padding-bottom: 20px !important;}&#8221; qode_css_animation=&#8221;&#8221; link=&#8221;https:\/\/hiieharmdesign.thinkific.com\/courses\/lihtne-opetus-koogi-mootmiseks&#8221;][vc_column_text css=&#8221;.vc_custom_1760437378467{padding-top: 0px !important;padding-bottom: 0px !important;}&#8221;]<strong>Sisu:<\/strong> R\u00e4\u00e4gin t\u00e4pselt, kuidas m\u00f5\u00f5ta, kust m\u00f5\u00f5ta ning jagan ohtralt n\u00e4pun\u00e4iteid.<\/p>\n<p><strong>Kestus:<\/strong> 13 minutit<\/p>\n<p><strong>Hind:<\/strong> 9.99\u20ac[\/vc_column_text]<a  itemprop=\"url\" href=\"https:\/\/buy.stripe.com\/7sYaEXgnF7Kn0tf0p7efC06\" target=\"_blank\"  class=\"qbutton  medium center white default  qode-button-shadow\" style=\"font-style: normal; font-weight: 500; font-family: raleway; font-size: 18px; letter-spacing: 1,2px; margin: 5% 30% 5% 30%; border-radius: 0,5px;-moz-border-radius: 0,5px;-webkit-border-radius: 0,5px; \">Osta siit<\/a>[\/vc_column][vc_column width=&#8221;1\/2&#8243; css=&#8221;.vc_custom_1653550329390{padding-left: 25px !important;}&#8221;][vc_column_text css=&#8221;.vc_custom_1760436396116{padding-top: 20px !important;padding-bottom: 20px !important;}&#8221;]<\/p>\n<h2 style=\"text-align: center;\">V\u00e4ikese k\u00f6\u00f6gi anal\u00fc\u00fcs<\/h2>\n<p>[\/vc_column_text][vc_single_image image=&#8221;22886&#8243; img_size=&#8221;full&#8221; alignment=&#8221;center&#8221; style=&#8221;vc_box_border&#8221; onclick=&#8221;custom_link&#8221; img_link_target=&#8221;_blank&#8221; css=&#8221;.vc_custom_1760437242897{padding-top: 20px !important;padding-bottom: 20px !important;}&#8221; qode_css_animation=&#8221;&#8221; link=&#8221;https:\/\/hiieharmdesign.thinkific.com\/courses\/koogi-nurgakapi-planeerimine&#8221;][vc_column_text css=&#8221;.vc_custom_1760437373984{padding-top: 0px !important;padding-bottom: 0px !important;}&#8221;]<strong>Sisu:<\/strong> R\u00e4\u00e4gin Sulle, kust alustada ja kuidas lahendada v\u00e4ikese k\u00f6\u00f6gi kujundamine.<\/p>\n<p><strong>Kestus:<\/strong> 33 minutit<\/p>\n<p><strong>Hind:<\/strong> 15 \u20ac[\/vc_column_text]<a  itemprop=\"url\" href=\"https:\/\/buy.stripe.com\/aFa5kDdbt1lZ5Nz4FnefC07\" target=\"_blank\"  class=\"qbutton  medium center white default  qode-button-shadow\" style=\"font-style: normal; font-weight: 500; font-family: raleway; font-size: 18px; letter-spacing: 1,2px; margin: 5% 30% 5% 30%; border-radius: 0,5px;-moz-border-radius: 0,5px;-webkit-border-radius: 0,5px; \">Osta siit<\/a>[\/vc_column][\/vc_row][vc_row css_animation=&#8221;&#8221; row_type=&#8221;row&#8221; use_row_as_full_screen_section=&#8221;no&#8221; type=&#8221;full_width&#8221; angled_section=&#8221;no&#8221; text_align=&#8221;left&#8221; background_image_as_pattern=&#8221;without_pattern&#8221; css=&#8221;.vc_custom_1653552143509{padding-top: 50px !important;}&#8221; z_index=&#8221;&#8221;][vc_column width=&#8221;1\/2&#8243; css=&#8221;.vc_custom_1653550337230{padding-right: 25px !important;}&#8221;][vc_column_text css=&#8221;.vc_custom_1760438724783{padding-top: 20px !important;padding-bottom: 20px !important;}&#8221;]<\/p>\n<h2 style=\"text-align: center;\">K\u00f6\u00f6gi eelarve osad<\/h2>\n<p>[\/vc_column_text][vc_single_image image=&#8221;22890&#8243; img_size=&#8221;full&#8221; alignment=&#8221;center&#8221; style=&#8221;vc_box_border&#8221; onclick=&#8221;custom_link&#8221; img_link_target=&#8221;_blank&#8221; css=&#8221;.vc_custom_1760438903883{padding-top: 20px !important;padding-bottom: 20px !important;}&#8221; qode_css_animation=&#8221;&#8221;][vc_column_text css=&#8221;.vc_custom_1760438650497{padding-top: 0px !important;padding-bottom: 0px !important;}&#8221;]<strong>Sisu:<\/strong> Millistest osadest k\u00f6\u00f6gi eelarve koosneb ning kuidas seda koostada.<\/p>\n<p><strong>Kestus:<\/strong> 31 minutit<\/p>\n<p><strong>Hind:<\/strong> 19\u20ac[\/vc_column_text]<a  itemprop=\"url\" href=\"https:\/\/buy.stripe.com\/aFa5kD5J18Or8ZL1tbefC08\" target=\"_blank\"  class=\"qbutton  medium center white default  qode-button-shadow\" style=\"font-style: normal; font-weight: 500; font-family: raleway; font-size: 18px; letter-spacing: 1,2px; margin: 5% 30% 5% 30%; border-radius: 0,5px;-moz-border-radius: 0,5px;-webkit-border-radius: 0,5px; \">Osta siit<\/a>[\/vc_column][vc_column width=&#8221;1\/2&#8243; css=&#8221;.vc_custom_1653550329390{padding-left: 25px !important;}&#8221;][vc_column_text css=&#8221;.vc_custom_1760440287600{padding-top: 20px !important;padding-bottom: 20px !important;}&#8221;]<\/p>\n<h2 style=\"text-align: center;\">K\u00f6\u00f6gisalongide pakkumised<\/h2>\n<p>[\/vc_column_text][vc_single_image image=&#8221;22893&#8243; img_size=&#8221;full&#8221; alignment=&#8221;center&#8221; style=&#8221;vc_box_border&#8221; onclick=&#8221;custom_link&#8221; img_link_target=&#8221;_blank&#8221; css=&#8221;.vc_custom_1760439511751{padding-top: 20px !important;padding-bottom: 20px !important;}&#8221; qode_css_animation=&#8221;&#8221; link=&#8221;https:\/\/hiieharmdesign.thinkific.com\/courses\/koogi-planeerimise-meistriklass&#8221;][vc_column_text css=&#8221;.vc_custom_1760439682519{padding-top: 0px !important;padding-bottom: 0px !important;}&#8221;]<strong>Sisu:<\/strong> Kuidas lugeda k\u00f6\u00f6gisalongide hinnapakkumisi; millised osad peavad seal olema ja palju n\u00e4pun\u00e4iteid, millele t\u00e4helepanu p\u00f6\u00f6rata.<\/p>\n<p><strong>Kestus:<\/strong> 29 minutit<\/p>\n<p><strong>Hind:<\/strong> 19\u20ac[\/vc_column_text]<a  itemprop=\"url\" href=\"https:\/\/buy.stripe.com\/9B600jc7p9Sv0tffk1efC09\" target=\"_blank\"  class=\"qbutton  medium center white default  qode-button-shadow\" style=\"font-style: normal; font-weight: 500; font-family: raleway; font-size: 18px; letter-spacing: 1,2px; margin: 5% 30% 5% 30%; border-radius: 0,5px;-moz-border-radius: 0,5px;-webkit-border-radius: 0,5px; \">Osta siit<\/a>[\/vc_column][\/vc_row][vc_row css_animation=&#8221;&#8221; row_type=&#8221;row&#8221; use_row_as_full_screen_section=&#8221;no&#8221; type=&#8221;full_width&#8221; angled_section=&#8221;no&#8221; text_align=&#8221;left&#8221; background_image_as_pattern=&#8221;without_pattern&#8221; css=&#8221;.vc_custom_1653552143509{padding-top: 50px !important;}&#8221; z_index=&#8221;&#8221;][vc_column width=&#8221;1\/2&#8243; css=&#8221;.vc_custom_1653550337230{padding-right: 25px !important;}&#8221;][vc_column_text css=&#8221;.vc_custom_1760441185913{padding-top: 20px !important;padding-bottom: 20px !important;}&#8221;]<\/p>\n<h2 style=\"text-align: center;\">Ilma internetita<\/h2>\n<p>[\/vc_column_text][vc_single_image image=&#8221;22897&#8243; img_size=&#8221;full&#8221; alignment=&#8221;center&#8221; style=&#8221;vc_box_border&#8221; onclick=&#8221;custom_link&#8221; img_link_target=&#8221;_blank&#8221; css=&#8221;.vc_custom_1760441443346{padding-top: 20px !important;padding-bottom: 20px !important;}&#8221; qode_css_animation=&#8221;&#8221; link=&#8221;https:\/\/hiieharmdesign.thinkific.com\/courses\/imeilus-skandinaavia-stiilis-kook&#8221;][vc_column_text css=&#8221;.vc_custom_1760441231172{padding-top: 0px !important;padding-bottom: 0px !important;}&#8221;]<strong>Sisu:<\/strong> Kuidas leida inspiratsiooni ja kujundada\/planeerida k\u00f6\u00f6ki ilma internetti kasutamata.<\/p>\n<p><strong>Kestus:<\/strong> 17 minutit<\/p>\n<p><strong>Hind:<\/strong> 9.99\u20ac[\/vc_column_text]<a  itemprop=\"url\" href=\"https:\/\/buy.stripe.com\/aFa8wP8Vd5Cfdg15JrefC0a\" target=\"_blank\"  class=\"qbutton  medium center white default  qode-button-shadow\" style=\"font-style: normal; font-weight: 500; font-family: raleway; font-size: 18px; letter-spacing: 1,2px; margin: 5% 30% 5% 30%; border-radius: 0,5px;-moz-border-radius: 0,5px;-webkit-border-radius: 0,5px; \">Osta siit<\/a>[\/vc_column][vc_column width=&#8221;1\/2&#8243; css=&#8221;.vc_custom_1653550329390{padding-left: 25px !important;}&#8221;][vc_column_text css=&#8221;.vc_custom_1760442040436{padding-top: 20px !important;padding-bottom: 20px !important;}&#8221;]<\/p>\n<h2 style=\"text-align: center;\">K\u00f6\u00f6k Chat GPD abiga<\/h2>\n<p>[\/vc_column_text][vc_single_image image=&#8221;22900&#8243; img_size=&#8221;full&#8221; alignment=&#8221;center&#8221; style=&#8221;vc_box_border&#8221; onclick=&#8221;custom_link&#8221; img_link_target=&#8221;_blank&#8221; css=&#8221;.vc_custom_1760442201411{padding-top: 20px !important;padding-bottom: 20px !important;}&#8221; qode_css_animation=&#8221;&#8221; link=&#8221;https:\/\/hiieharmdesign.thinkific.com\/courses\/9-astmeline-mudel-saarega-koogi-planeerimiseks&#8221;][vc_column_text css=&#8221;.vc_custom_1760442656312{padding-top: 0px !important;padding-bottom: 0px !important;}&#8221;]<strong>Sisu:<\/strong> Lihtne \u00f5petus algajale, kuidas kasutada Chat GPD-d k\u00f6\u00f6gi kujundamisel.<\/p>\n<p><strong>Kestus:<\/strong> 27 minutit<\/p>\n<p><strong>Hind:<\/strong> 9.99\u20ac[\/vc_column_text]<a  itemprop=\"url\" href=\"https:\/\/buy.stripe.com\/cNifZh6N59Svdg15JrefC0b\" target=\"_blank\"  class=\"qbutton  medium center white default  qode-button-shadow\" style=\"font-style: normal; font-weight: 500; font-family: raleway; font-size: 18px; letter-spacing: 1,2px; margin: 5% 30% 5% 30%; border-radius: 0,5px;-moz-border-radius: 0,5px;-webkit-border-radius: 0,5px; \">Osta siit<\/a>[\/vc_column][\/vc_row][vc_row css_animation=&#8221;&#8221; row_type=&#8221;row&#8221; use_row_as_full_screen_section=&#8221;no&#8221; type=&#8221;full_width&#8221; angled_section=&#8221;no&#8221; text_align=&#8221;left&#8221; background_image_as_pattern=&#8221;without_pattern&#8221;][vc_column][vc_empty_space height=&#8221;50px&#8221;]<span class=\"separator_with_icon\" style='color:#e20931;'><i class=\"fa fa-star-o\"><\/i><\/span>[vc_empty_space height=&#8221;50px&#8221;][\/vc_column][\/vc_row][vc_row css_animation=&#8221;&#8221; row_type=&#8221;row&#8221; use_row_as_full_screen_section=&#8221;no&#8221; type=&#8221;full_width&#8221; angled_section=&#8221;no&#8221; text_align=&#8221;left&#8221; background_image_as_pattern=&#8221;without_pattern&#8221;][vc_column][vc_column_text css=&#8221;.vc_custom_1760515835897{padding-top: 20px !important;padding-bottom: 50px !important;}&#8221;]<\/p>\n<h2 style=\"text-align: center;\">Inimeste tagasisided varasematele koolitustele<\/h2>\n<p>[\/vc_column_text][vc_column_text css=&#8221;&#8221;]<\/p>\n<p style=\"text-align: center;\">Olen k\u00f6\u00f6gidisaini kursusi ja erinevaid \u00f5ppekeskkondi loonud juba alates 2021. aastast.<\/p>\n<p style=\"text-align: center;\">Ka siia lehele lisandub vaikselt tagasi neid varasemaid kursusi.<\/p>\n<p style=\"text-align: center;\">Hetkel saad lugeda, kas ja kuidas inimesed j\u00e4id rahule minu \u00f5petustega <a href=\"https:\/\/hiieharmdesign.com\/et\/tagasiside\/\" target=\"_blank\" rel=\"noopener\">siit (vajuta lingile<\/a>).<\/p>\n<p>[\/vc_column_text][\/vc_column][\/vc_row][vc_row css_animation=&#8221;&#8221; row_type=&#8221;row&#8221; use_row_as_full_screen_section=&#8221;no&#8221; type=&#8221;full_width&#8221; angled_section=&#8221;no&#8221; text_align=&#8221;left&#8221; background_image_as_pattern=&#8221;without_pattern&#8221;][vc_column][vc_empty_space height=&#8221;50px&#8221;]<span class=\"separator_with_icon\" style='color:#e20931;'><i class=\"fa fa-star-o\"><\/i><\/span>[vc_empty_space height=&#8221;50px&#8221;][\/vc_column][\/vc_row][vc_row css_animation=&#8221;&#8221; row_type=&#8221;row&#8221; use_row_as_full_screen_section=&#8221;no&#8221; type=&#8221;full_width&#8221; angled_section=&#8221;no&#8221; text_align=&#8221;left&#8221; background_image_as_pattern=&#8221;without_pattern&#8221;][vc_column][vc_column_text css=&#8221;.vc_custom_1647090592318{padding-top: 20px !important;padding-right: 200px !important;padding-bottom: 20px !important;padding-left: 200px !important;}&#8221;]<\/p>\n<h1 style=\"text-align: center;\">Soovid midagi k\u00fcsida:<\/h1>\n<p>[\/vc_column_text][\/vc_column][\/vc_row][vc_row css_animation=&#8221;&#8221; row_type=&#8221;row&#8221; use_row_as_full_screen_section=&#8221;no&#8221; type=&#8221;full_width&#8221; angled_section=&#8221;no&#8221; text_align=&#8221;left&#8221; background_image_as_pattern=&#8221;without_pattern&#8221; css=&#8221;.vc_custom_1624271346107{padding-right: 100px !important;padding-left: 100px !important;}&#8221; z_index=&#8221;&#8221;][vc_column css=&#8221;.vc_custom_1624271233660{padding-top: 20px !important;padding-right: 200px !important;padding-bottom: 20px !important;padding-left: 200px !important;}&#8221;]<div class=\"wpforms-container wpforms-container-full\" id=\"wpforms-2554\"><form id=\"wpforms-form-2554\" class=\"wpforms-validate wpforms-form\" data-formid=\"2554\" method=\"post\" enctype=\"multipart\/form-data\" action=\"\/et\/wp-json\/wp\/v2\/pages\/13937\" data-token=\"b1a801cdf95e1dbbbcd5074bdb3e5e67\" data-token-time=\"1776770956\"><noscript class=\"wpforms-error-noscript\">Please enable JavaScript in your browser to complete this form.<\/noscript><div class=\"wpforms-field-container\"><div id=\"wpforms-2554-field_0-container\" class=\"wpforms-field wpforms-field-name\" data-field-id=\"0\"><label class=\"wpforms-field-label wpforms-label-hide\" for=\"wpforms-2554-field_0\">Sinu nimi <span class=\"wpforms-required-label\">*<\/span><\/label><input type=\"text\" id=\"wpforms-2554-field_0\" class=\"wpforms-field-large wpforms-field-required\" name=\"wpforms[fields][0]\" placeholder=\"Nimi\" required><\/div><div id=\"wpforms-2554-field_1-container\" class=\"wpforms-field wpforms-field-email\" data-field-id=\"1\"><label class=\"wpforms-field-label wpforms-label-hide\" for=\"wpforms-2554-field_1\">Sinu e-posti aadress <span class=\"wpforms-required-label\">*<\/span><\/label><input type=\"email\" id=\"wpforms-2554-field_1\" class=\"wpforms-field-large wpforms-field-required\" name=\"wpforms[fields][1]\" placeholder=\"E-post\" spellcheck=\"false\" required><\/div><div id=\"wpforms-2554-field_2-container\" class=\"wpforms-field wpforms-field-textarea\" data-field-id=\"2\"><label class=\"wpforms-field-label wpforms-label-hide\" for=\"wpforms-2554-field_2\">Kuidas saan sind aidata? <span class=\"wpforms-required-label\">*<\/span><\/label><textarea id=\"wpforms-2554-field_2\" class=\"wpforms-field-medium wpforms-field-required\" name=\"wpforms[fields][2]\" placeholder=\"Kirjuta siia oma k\u00fcsimus v\u00f5i m\u00f5te...\" required><\/textarea><\/div><\/div><!-- .wpforms-field-container --><div class=\"wpforms-field wpforms-field-hp\"><label for=\"wpforms-2554-field-hp\" class=\"wpforms-field-label\">Phone<\/label><input type=\"text\" name=\"wpforms[hp]\" id=\"wpforms-2554-field-hp\" class=\"wpforms-field-medium\"><\/div><div class=\"wpforms-submit-container\" ><input type=\"hidden\" name=\"wpforms[id]\" value=\"2554\"><input type=\"hidden\" name=\"page_title\" value=\"\"><input type=\"hidden\" name=\"page_url\" value=\"https:\/\/hiieharmdesign.com\/et\/wp-json\/wp\/v2\/pages\/13937\"><input type=\"hidden\" name=\"url_referer\" value=\"\"><button type=\"submit\" name=\"wpforms[submit]\" id=\"wpforms-submit-2554\" class=\"wpforms-submit\" data-alt-text=\"Saadan ...\" data-submit-text=\"Saada\" aria-live=\"assertive\" value=\"wpforms-submit\">Saada<\/button><\/div><\/form><\/div>  <!-- .wpforms-container -->[\/vc_column][\/vc_row]<\/p>\n<\/div>","protected":false},"excerpt":{"rendered":"<p>[vc_row css_animation=&#8221;&#8221; row_type=&#8221;row&#8221; use_row_as_full_screen_section=&#8221;no&#8221; type=&#8221;full_width&#8221; angled_section=&#8221;no&#8221; text_align=&#8221;left&#8221; background_image_as_pattern=&#8221;without_pattern&#8221; z_index=&#8221;&#8221;][vc_column width=&#8221;1\/4&#8243; css=&#8221;.vc_custom_1653550337230{padding-right: 25px !important;}&#8221;][\/vc_column][vc_column width=&#8221;1\/2&#8243;][vc_column_text css=&#8221;.vc_custom_1760435269557{padding-bottom: 50px !important;}&#8221;] Lihtne ja mugav [\/vc_column_text][vc_column_text css=&#8221;.vc_custom_1760435301253{padding-bottom: 20px !important;}&#8221;] Minu videokursused on loodud nii, et alustamine oleks v\u00f5imalikult lihtne.Ei pea kuhugi sisse logima, kontot looma ega e-kirju ootama. [\/vc_column_text][vc_column_text css=&#8221;.vc_custom_1760440449642{padding-bottom: 20px !important;}&#8221;] Kl\u00f5psa lihtsalt lingile ja tasu kursuse eest. Peale makse \u00f5nnestumist ilmub kohe paremale poole kinnitustekst ja kursuse link ning saad kohe vaatama hakata&#8230;.<\/p>\n","protected":false},"author":1,"featured_media":0,"parent":0,"menu_order":0,"comment_status":"closed","ping_status":"closed","template":"","meta":{"_monsterinsights_skip_tracking":false,"_monsterinsights_sitenote_active":false,"_monsterinsights_sitenote_note":"","_monsterinsights_sitenote_category":0,"footnotes":""},"class_list":["post-13937","page","type-page","status-publish","hentry"],"yoast_head":"<!-- This site is optimized with the Yoast SEO plugin v25.6 - https:\/\/yoast.com\/wordpress\/plugins\/seo\/ -->\n<title>K\u00f6\u00f6gidisaini online-kursused - Hiie H\u00e4rm<\/title>\n<meta name=\"description\" content=\"K\u00f6\u00f6gidisaini veebiakadeemia pakub praktilisi videokursuseid: k\u00f6\u00f6gi m\u00f5\u00f5tmine, eelarve koostamine, hinnapakkumiste lugemine jne.\" \/>\n<meta name=\"robots\" content=\"index, follow, max-snippet:-1, max-image-preview:large, max-video-preview:-1\" \/>\n<link rel=\"canonical\" href=\"https:\/\/hiieharmdesign.com\/et\/videod\/\" \/>\n<meta property=\"og:locale\" content=\"et_EE\" \/>\n<meta property=\"og:type\" content=\"article\" \/>\n<meta property=\"og:title\" content=\"K\u00f6\u00f6gidisaini online-kursused - Hiie H\u00e4rm\" \/>\n<meta property=\"og:description\" content=\"K\u00f6\u00f6gidisaini veebiakadeemia pakub praktilisi videokursuseid: k\u00f6\u00f6gi m\u00f5\u00f5tmine, eelarve koostamine, hinnapakkumiste lugemine jne.\" \/>\n<meta property=\"og:url\" content=\"https:\/\/hiieharmdesign.com\/et\/videod\/\" \/>\n<meta property=\"og:site_name\" content=\"Hiie H\u00e4rm\" \/>\n<meta property=\"article:modified_time\" content=\"2025-10-15T08:11:41+00:00\" \/>\n<meta name=\"twitter:card\" content=\"summary_large_image\" \/>\n<meta name=\"twitter:label1\" content=\"Est. reading time\" \/>\n\t<meta name=\"twitter:data1\" content=\"5 minutit\" \/>\n<script type=\"application\/ld+json\" class=\"yoast-schema-graph\">{\"@context\":\"https:\/\/schema.org\",\"@graph\":[{\"@type\":\"WebPage\",\"@id\":\"https:\/\/hiieharmdesign.com\/et\/videod\/\",\"url\":\"https:\/\/hiieharmdesign.com\/et\/videod\/\",\"name\":\"K\u00f6\u00f6gidisaini online-kursused - Hiie H\u00e4rm\",\"isPartOf\":{\"@id\":\"https:\/\/hiieharmdesign.com\/#website\"},\"datePublished\":\"2022-06-21T08:04:22+00:00\",\"dateModified\":\"2025-10-15T08:11:41+00:00\",\"description\":\"K\u00f6\u00f6gidisaini veebiakadeemia pakub praktilisi videokursuseid: k\u00f6\u00f6gi m\u00f5\u00f5tmine, eelarve koostamine, hinnapakkumiste lugemine jne.\",\"breadcrumb\":{\"@id\":\"https:\/\/hiieharmdesign.com\/et\/videod\/#breadcrumb\"},\"inLanguage\":\"et\",\"potentialAction\":[{\"@type\":\"ReadAction\",\"target\":[\"https:\/\/hiieharmdesign.com\/et\/videod\/\"]}]},{\"@type\":\"BreadcrumbList\",\"@id\":\"https:\/\/hiieharmdesign.com\/et\/videod\/#breadcrumb\",\"itemListElement\":[{\"@type\":\"ListItem\",\"position\":1,\"name\":\"Home\",\"item\":\"https:\/\/hiieharmdesign.com\/et\/\"},{\"@type\":\"ListItem\",\"position\":2,\"name\":\"Videod\"}]},{\"@type\":\"WebSite\",\"@id\":\"https:\/\/hiieharmdesign.com\/#website\",\"url\":\"https:\/\/hiieharmdesign.com\/\",\"name\":\"Hiie H\u00e4rm\",\"description\":\"Kitchen Designer in web\",\"potentialAction\":[{\"@type\":\"SearchAction\",\"target\":{\"@type\":\"EntryPoint\",\"urlTemplate\":\"https:\/\/hiieharmdesign.com\/?s={search_term_string}\"},\"query-input\":{\"@type\":\"PropertyValueSpecification\",\"valueRequired\":true,\"valueName\":\"search_term_string\"}}],\"inLanguage\":\"et\"}]}<\/script>\n<!-- \/ Yoast SEO plugin. -->","yoast_head_json":{"title":"K\u00f6\u00f6gidisaini online-kursused - Hiie H\u00e4rm","description":"K\u00f6\u00f6gidisaini veebiakadeemia pakub praktilisi videokursuseid: k\u00f6\u00f6gi m\u00f5\u00f5tmine, eelarve koostamine, hinnapakkumiste lugemine jne.","robots":{"index":"index","follow":"follow","max-snippet":"max-snippet:-1","max-image-preview":"max-image-preview:large","max-video-preview":"max-video-preview:-1"},"canonical":"https:\/\/hiieharmdesign.com\/et\/videod\/","og_locale":"et_EE","og_type":"article","og_title":"K\u00f6\u00f6gidisaini online-kursused - Hiie H\u00e4rm","og_description":"K\u00f6\u00f6gidisaini veebiakadeemia pakub praktilisi videokursuseid: k\u00f6\u00f6gi m\u00f5\u00f5tmine, eelarve koostamine, hinnapakkumiste lugemine jne.","og_url":"https:\/\/hiieharmdesign.com\/et\/videod\/","og_site_name":"Hiie H\u00e4rm","article_modified_time":"2025-10-15T08:11:41+00:00","twitter_card":"summary_large_image","twitter_misc":{"Est. reading time":"5 minutit"},"schema":{"@context":"https:\/\/schema.org","@graph":[{"@type":"WebPage","@id":"https:\/\/hiieharmdesign.com\/et\/videod\/","url":"https:\/\/hiieharmdesign.com\/et\/videod\/","name":"K\u00f6\u00f6gidisaini online-kursused - Hiie H\u00e4rm","isPartOf":{"@id":"https:\/\/hiieharmdesign.com\/#website"},"datePublished":"2022-06-21T08:04:22+00:00","dateModified":"2025-10-15T08:11:41+00:00","description":"K\u00f6\u00f6gidisaini veebiakadeemia pakub praktilisi videokursuseid: k\u00f6\u00f6gi m\u00f5\u00f5tmine, eelarve koostamine, hinnapakkumiste lugemine jne.","breadcrumb":{"@id":"https:\/\/hiieharmdesign.com\/et\/videod\/#breadcrumb"},"inLanguage":"et","potentialAction":[{"@type":"ReadAction","target":["https:\/\/hiieharmdesign.com\/et\/videod\/"]}]},{"@type":"BreadcrumbList","@id":"https:\/\/hiieharmdesign.com\/et\/videod\/#breadcrumb","itemListElement":[{"@type":"ListItem","position":1,"name":"Home","item":"https:\/\/hiieharmdesign.com\/et\/"},{"@type":"ListItem","position":2,"name":"Videod"}]},{"@type":"WebSite","@id":"https:\/\/hiieharmdesign.com\/#website","url":"https:\/\/hiieharmdesign.com\/","name":"Hiie H\u00e4rm","description":"Kitchen Designer in web","potentialAction":[{"@type":"SearchAction","target":{"@type":"EntryPoint","urlTemplate":"https:\/\/hiieharmdesign.com\/?s={search_term_string}"},"query-input":{"@type":"PropertyValueSpecification","valueRequired":true,"valueName":"search_term_string"}}],"inLanguage":"et"}]}},"_links":{"self":[{"href":"https:\/\/hiieharmdesign.com\/et\/wp-json\/wp\/v2\/pages\/13937"}],"collection":[{"href":"https:\/\/hiieharmdesign.com\/et\/wp-json\/wp\/v2\/pages"}],"about":[{"href":"https:\/\/hiieharmdesign.com\/et\/wp-json\/wp\/v2\/types\/page"}],"author":[{"embeddable":true,"href":"https:\/\/hiieharmdesign.com\/et\/wp-json\/wp\/v2\/users\/1"}],"replies":[{"embeddable":true,"href":"https:\/\/hiieharmdesign.com\/et\/wp-json\/wp\/v2\/comments?post=13937"}],"version-history":[{"count":18,"href":"https:\/\/hiieharmdesign.com\/et\/wp-json\/wp\/v2\/pages\/13937\/revisions"}],"predecessor-version":[{"id":22907,"href":"https:\/\/hiieharmdesign.com\/et\/wp-json\/wp\/v2\/pages\/13937\/revisions\/22907"}],"wp:attachment":[{"href":"https:\/\/hiieharmdesign.com\/et\/wp-json\/wp\/v2\/media?parent=13937"}],"curies":[{"name":"wp","href":"https:\/\/api.w.org\/{rel}","templated":true}]}}