{"id":20730,"date":"2024-11-18T14:26:40","date_gmt":"2024-11-18T12:26:40","guid":{"rendered":"https:\/\/hiieharmdesign.com\/?page_id=20730"},"modified":"2024-11-18T14:37:37","modified_gmt":"2024-11-18T12:37:37","slug":"tanu2-pinterest","status":"publish","type":"page","link":"https:\/\/hiieharmdesign.com\/et\/tanu2-pinterest\/","title":{"rendered":"T\u00e4nu Freeby 2 Pinterest"},"content":{"rendered":"<div class=\"wpb-content-wrapper\"><p>[vc_row css_animation=&#8221;&#8221; row_type=&#8221;row&#8221; use_row_as_full_screen_section=&#8221;yes&#8221; type=&#8221;full_width&#8221; angled_section=&#8221;no&#8221; text_align=&#8221;left&#8221; background_image_as_pattern=&#8221;without_pattern&#8221; z_index=&#8221;&#8221; background_color=&#8221;#ffffff&#8221;][vc_column][vc_single_image image=&#8221;20724&#8243; img_size=&#8221;full&#8221; alignment=&#8221;center&#8221; css=&#8221;&#8221; qode_css_animation=&#8221;&#8221;][\/vc_column][\/vc_row][vc_row css_animation=&#8221;&#8221; row_type=&#8221;row&#8221; use_row_as_full_screen_section=&#8221;yes&#8221; type=&#8221;full_width&#8221; angled_section=&#8221;no&#8221; text_align=&#8221;left&#8221; background_image_as_pattern=&#8221;without_pattern&#8221; z_index=&#8221;&#8221; background_color=&#8221;#ffffff&#8221;][vc_column width=&#8221;1\/5&#8243;][\/vc_column][vc_column width=&#8221;3\/5&#8243;][vc_empty_space height=&#8221;50&#8243;][vc_column_text css=&#8221;.vc_custom_1731932934040{padding-bottom: 30px !important;}&#8221;]Mul on hea meel, et soovid hakata kasutama Pinteresti. See on imep\u00e4rane piltide ja ideede kogum. Ma ise kasutan seda juba aastaid.[\/vc_column_text][vc_column_text css=&#8221;.vc_custom_1731932943043{padding-bottom: 30px !important;}&#8221;]Sa saad miljonite piltide hulgast otsida ning Pinterest pakub sulle sinu otsinguga sarnaseid pilte veel lisaks.[\/vc_column_text][vc_column_text css=&#8221;.vc_custom_1731932951654{padding-bottom: 30px !important;}&#8221;]Minu videojuhend on 36 minutit pikk. Algul n\u00e4itan, kuidas Pinterestis omale kontot teha. Seej\u00e4rel, kuidas otsida pilte ja kaustasid luua. N\u00e4itan ka\u00a0 erinevaid k\u00f6\u00f6gi otsimise ja salvestamise v\u00f5imalusi.[\/vc_column_text][vc_column_text css=&#8221;.vc_custom_1731932960741{padding-bottom: 30px !important;}&#8221;]<\/p>\n<p style=\"text-align: center;\"><strong><span style=\"color: #ff0000;\">Videot saad t\u00e4iesti tasuta vaadata<\/span> <a href=\"https:\/\/www.youtube.com\/watch?v=_ZAc3xTRfec\" target=\"_blank\" rel=\"noopener\" data-cke-saved-href=\"https:\/\/www.youtube.com\/watch?v=_ZAc3xTRfec\">siit<\/a>.\u00a0<\/strong><\/p>\n<p>[\/vc_column_text][vc_column_text css=&#8221;.vc_custom_1731932969448{padding-bottom: 30px !important;}&#8221;]<strong>Veel huvitavaid k\u00f6\u00f6gidisaini uudiseid ning pilte n\u00e4ed minu FB lehelt <\/strong><a href=\"https:\/\/www.facebook.com\/koogikujundaja\" target=\"_blank\" rel=\"noopener\" data-cke-saved-href=\"https:\/\/www.facebook.com\/koogikujundaja\">facebook.com\/koogikujundaja<\/a>[\/vc_column_text][vc_column_text css=&#8221;.vc_custom_1731932977018{padding-bottom: 30px !important;}&#8221;]S\u00f5bralike tervitustega,<br \/>\nHiie[\/vc_column_text][vc_single_image image=&#8221;20448&#8243; style=&#8221;vc_box_circle_2&#8243; css=&#8221;&#8221; qode_css_animation=&#8221;&#8221;][vc_empty_space height=&#8221;25px&#8221;][\/vc_column][vc_column width=&#8221;1\/5&#8243;][\/vc_column][\/vc_row][vc_row css_animation=&#8221;&#8221; row_type=&#8221;row&#8221; use_row_as_full_screen_section=&#8221;yes&#8221; type=&#8221;full_width&#8221; angled_section=&#8221;no&#8221; text_align=&#8221;left&#8221; background_image_as_pattern=&#8221;without_pattern&#8221; z_index=&#8221;&#8221; background_color=&#8221;#222b48&#8243;][vc_column width=&#8221;1\/5&#8243;][\/vc_column][vc_column width=&#8221;1\/5&#8243;][\/vc_column][vc_column width=&#8221;1\/5&#8243;][vc_column_text css=&#8221;.vc_custom_1731931712403{padding-top: 50px !important;padding-bottom: 20px !important;}&#8221;]<span style=\"color: #d1d0d0;\">2024 K\u00f5ik \u00f5igused kaitstud<\/span>[\/vc_column_text][\/vc_column][vc_column width=&#8221;1\/5&#8243;][\/vc_column][vc_column width=&#8221;1\/5&#8243;][\/vc_column][\/vc_row]<\/p>\n<\/div>","protected":false},"excerpt":{"rendered":"<p>[vc_row css_animation=&#8221;&#8221; row_type=&#8221;row&#8221; use_row_as_full_screen_section=&#8221;yes&#8221; type=&#8221;full_width&#8221; angled_section=&#8221;no&#8221; text_align=&#8221;left&#8221; background_image_as_pattern=&#8221;without_pattern&#8221; z_index=&#8221;&#8221; background_color=&#8221;#ffffff&#8221;][vc_column][vc_single_image image=&#8221;20724&#8243; img_size=&#8221;full&#8221; alignment=&#8221;center&#8221; css=&#8221;&#8221; qode_css_animation=&#8221;&#8221;][\/vc_column][\/vc_row][vc_row css_animation=&#8221;&#8221; row_type=&#8221;row&#8221; use_row_as_full_screen_section=&#8221;yes&#8221; type=&#8221;full_width&#8221; angled_section=&#8221;no&#8221; text_align=&#8221;left&#8221; background_image_as_pattern=&#8221;without_pattern&#8221; z_index=&#8221;&#8221; background_color=&#8221;#ffffff&#8221;][vc_column width=&#8221;1\/5&#8243;][\/vc_column][vc_column width=&#8221;3\/5&#8243;][vc_empty_space height=&#8221;50&#8243;][vc_column_text css=&#8221;.vc_custom_1731932934040{padding-bottom: 30px !important;}&#8221;]Mul on hea meel, et soovid hakata kasutama Pinteresti. See on imep\u00e4rane piltide ja ideede kogum. Ma ise kasutan seda juba aastaid.[\/vc_column_text][vc_column_text css=&#8221;.vc_custom_1731932943043{padding-bottom: 30px !important;}&#8221;]Sa saad miljonite piltide hulgast otsida ning Pinterest pakub sulle sinu otsinguga sarnaseid pilte veel lisaks.[\/vc_column_text][vc_column_text css=&#8221;.vc_custom_1731932951654{padding-bottom:&#8230;<\/p>\n","protected":false},"author":1,"featured_media":0,"parent":0,"menu_order":0,"comment_status":"closed","ping_status":"closed","template":"landing_page.php","meta":{"_monsterinsights_skip_tracking":false,"_monsterinsights_sitenote_active":false,"_monsterinsights_sitenote_note":"","_monsterinsights_sitenote_category":0,"footnotes":""},"class_list":["post-20730","page","type-page","status-publish","hentry"],"yoast_head":"<!-- This site is optimized with the Yoast SEO plugin v25.6 - https:\/\/yoast.com\/wordpress\/plugins\/seo\/ -->\n<title>T\u00e4nu Freeby 2 Pinterest - Hiie H\u00e4rm<\/title>\n<meta name=\"robots\" content=\"index, follow, max-snippet:-1, max-image-preview:large, max-video-preview:-1\" \/>\n<link rel=\"canonical\" href=\"https:\/\/hiieharmdesign.com\/et\/tanu2-pinterest\/\" \/>\n<meta property=\"og:locale\" content=\"et_EE\" \/>\n<meta property=\"og:type\" content=\"article\" \/>\n<meta property=\"og:title\" content=\"T\u00e4nu Freeby 2 Pinterest - Hiie H\u00e4rm\" \/>\n<meta property=\"og:description\" content=\"[vc_row css_animation=&#8221;&#8221; row_type=&#8221;row&#8221; use_row_as_full_screen_section=&#8221;yes&#8221; type=&#8221;full_width&#8221; angled_section=&#8221;no&#8221; text_align=&#8221;left&#8221; background_image_as_pattern=&#8221;without_pattern&#8221; z_index=&#8221;&#8221; background_color=&#8221;#ffffff&#8221;][vc_column][vc_single_image image=&#8221;20724&#8243; img_size=&#8221;full&#8221; alignment=&#8221;center&#8221; css=&#8221;&#8221; qode_css_animation=&#8221;&#8221;][\/vc_column][\/vc_row][vc_row css_animation=&#8221;&#8221; row_type=&#8221;row&#8221; use_row_as_full_screen_section=&#8221;yes&#8221; type=&#8221;full_width&#8221; angled_section=&#8221;no&#8221; text_align=&#8221;left&#8221; background_image_as_pattern=&#8221;without_pattern&#8221; z_index=&#8221;&#8221; background_color=&#8221;#ffffff&#8221;][vc_column width=&#8221;1\/5&#8243;][\/vc_column][vc_column width=&#8221;3\/5&#8243;][vc_empty_space height=&#8221;50&#8243;][vc_column_text css=&#8221;.vc_custom_1731932934040{padding-bottom: 30px !important;}&#8221;]Mul on hea meel, et soovid hakata kasutama Pinteresti. See on imep\u00e4rane piltide ja ideede kogum. Ma ise kasutan seda juba aastaid.[\/vc_column_text][vc_column_text css=&#8221;.vc_custom_1731932943043{padding-bottom: 30px !important;}&#8221;]Sa saad miljonite piltide hulgast otsida ning Pinterest pakub sulle sinu otsinguga sarnaseid pilte veel lisaks.[\/vc_column_text][vc_column_text css=&#8221;.vc_custom_1731932951654{padding-bottom:...\" \/>\n<meta property=\"og:url\" content=\"https:\/\/hiieharmdesign.com\/et\/tanu2-pinterest\/\" \/>\n<meta property=\"og:site_name\" content=\"Hiie H\u00e4rm\" \/>\n<meta property=\"article:modified_time\" content=\"2024-11-18T12:37:37+00:00\" \/>\n<meta name=\"twitter:card\" content=\"summary_large_image\" \/>\n<meta name=\"twitter:label1\" content=\"Est. reading time\" \/>\n\t<meta name=\"twitter:data1\" content=\"2 minutit\" \/>\n<script type=\"application\/ld+json\" class=\"yoast-schema-graph\">{\"@context\":\"https:\/\/schema.org\",\"@graph\":[{\"@type\":\"WebPage\",\"@id\":\"https:\/\/hiieharmdesign.com\/et\/tanu2-pinterest\/\",\"url\":\"https:\/\/hiieharmdesign.com\/et\/tanu2-pinterest\/\",\"name\":\"T\u00e4nu Freeby 2 Pinterest - Hiie H\u00e4rm\",\"isPartOf\":{\"@id\":\"https:\/\/hiieharmdesign.com\/#website\"},\"datePublished\":\"2024-11-18T12:26:40+00:00\",\"dateModified\":\"2024-11-18T12:37:37+00:00\",\"breadcrumb\":{\"@id\":\"https:\/\/hiieharmdesign.com\/et\/tanu2-pinterest\/#breadcrumb\"},\"inLanguage\":\"et\",\"potentialAction\":[{\"@type\":\"ReadAction\",\"target\":[\"https:\/\/hiieharmdesign.com\/et\/tanu2-pinterest\/\"]}]},{\"@type\":\"BreadcrumbList\",\"@id\":\"https:\/\/hiieharmdesign.com\/et\/tanu2-pinterest\/#breadcrumb\",\"itemListElement\":[{\"@type\":\"ListItem\",\"position\":1,\"name\":\"Home\",\"item\":\"https:\/\/hiieharmdesign.com\/et\/\"},{\"@type\":\"ListItem\",\"position\":2,\"name\":\"T\u00e4nu Freeby 2 Pinterest\"}]},{\"@type\":\"WebSite\",\"@id\":\"https:\/\/hiieharmdesign.com\/#website\",\"url\":\"https:\/\/hiieharmdesign.com\/\",\"name\":\"Hiie H\u00e4rm\",\"description\":\"Kitchen Designer in web\",\"potentialAction\":[{\"@type\":\"SearchAction\",\"target\":{\"@type\":\"EntryPoint\",\"urlTemplate\":\"https:\/\/hiieharmdesign.com\/?s={search_term_string}\"},\"query-input\":{\"@type\":\"PropertyValueSpecification\",\"valueRequired\":true,\"valueName\":\"search_term_string\"}}],\"inLanguage\":\"et\"}]}<\/script>\n<!-- \/ Yoast SEO plugin. -->","yoast_head_json":{"title":"T\u00e4nu Freeby 2 Pinterest - Hiie H\u00e4rm","robots":{"index":"index","follow":"follow","max-snippet":"max-snippet:-1","max-image-preview":"max-image-preview:large","max-video-preview":"max-video-preview:-1"},"canonical":"https:\/\/hiieharmdesign.com\/et\/tanu2-pinterest\/","og_locale":"et_EE","og_type":"article","og_title":"T\u00e4nu Freeby 2 Pinterest - Hiie H\u00e4rm","og_description":"[vc_row css_animation=&#8221;&#8221; row_type=&#8221;row&#8221; use_row_as_full_screen_section=&#8221;yes&#8221; type=&#8221;full_width&#8221; angled_section=&#8221;no&#8221; text_align=&#8221;left&#8221; background_image_as_pattern=&#8221;without_pattern&#8221; z_index=&#8221;&#8221; background_color=&#8221;#ffffff&#8221;][vc_column][vc_single_image image=&#8221;20724&#8243; img_size=&#8221;full&#8221; alignment=&#8221;center&#8221; css=&#8221;&#8221; qode_css_animation=&#8221;&#8221;][\/vc_column][\/vc_row][vc_row css_animation=&#8221;&#8221; row_type=&#8221;row&#8221; use_row_as_full_screen_section=&#8221;yes&#8221; type=&#8221;full_width&#8221; angled_section=&#8221;no&#8221; text_align=&#8221;left&#8221; background_image_as_pattern=&#8221;without_pattern&#8221; z_index=&#8221;&#8221; background_color=&#8221;#ffffff&#8221;][vc_column width=&#8221;1\/5&#8243;][\/vc_column][vc_column width=&#8221;3\/5&#8243;][vc_empty_space height=&#8221;50&#8243;][vc_column_text css=&#8221;.vc_custom_1731932934040{padding-bottom: 30px !important;}&#8221;]Mul on hea meel, et soovid hakata kasutama Pinteresti. See on imep\u00e4rane piltide ja ideede kogum. Ma ise kasutan seda juba aastaid.[\/vc_column_text][vc_column_text css=&#8221;.vc_custom_1731932943043{padding-bottom: 30px !important;}&#8221;]Sa saad miljonite piltide hulgast otsida ning Pinterest pakub sulle sinu otsinguga sarnaseid pilte veel lisaks.[\/vc_column_text][vc_column_text css=&#8221;.vc_custom_1731932951654{padding-bottom:...","og_url":"https:\/\/hiieharmdesign.com\/et\/tanu2-pinterest\/","og_site_name":"Hiie H\u00e4rm","article_modified_time":"2024-11-18T12:37:37+00:00","twitter_card":"summary_large_image","twitter_misc":{"Est. reading time":"2 minutit"},"schema":{"@context":"https:\/\/schema.org","@graph":[{"@type":"WebPage","@id":"https:\/\/hiieharmdesign.com\/et\/tanu2-pinterest\/","url":"https:\/\/hiieharmdesign.com\/et\/tanu2-pinterest\/","name":"T\u00e4nu Freeby 2 Pinterest - Hiie H\u00e4rm","isPartOf":{"@id":"https:\/\/hiieharmdesign.com\/#website"},"datePublished":"2024-11-18T12:26:40+00:00","dateModified":"2024-11-18T12:37:37+00:00","breadcrumb":{"@id":"https:\/\/hiieharmdesign.com\/et\/tanu2-pinterest\/#breadcrumb"},"inLanguage":"et","potentialAction":[{"@type":"ReadAction","target":["https:\/\/hiieharmdesign.com\/et\/tanu2-pinterest\/"]}]},{"@type":"BreadcrumbList","@id":"https:\/\/hiieharmdesign.com\/et\/tanu2-pinterest\/#breadcrumb","itemListElement":[{"@type":"ListItem","position":1,"name":"Home","item":"https:\/\/hiieharmdesign.com\/et\/"},{"@type":"ListItem","position":2,"name":"T\u00e4nu Freeby 2 Pinterest"}]},{"@type":"WebSite","@id":"https:\/\/hiieharmdesign.com\/#website","url":"https:\/\/hiieharmdesign.com\/","name":"Hiie H\u00e4rm","description":"Kitchen Designer in web","potentialAction":[{"@type":"SearchAction","target":{"@type":"EntryPoint","urlTemplate":"https:\/\/hiieharmdesign.com\/?s={search_term_string}"},"query-input":{"@type":"PropertyValueSpecification","valueRequired":true,"valueName":"search_term_string"}}],"inLanguage":"et"}]}},"_links":{"self":[{"href":"https:\/\/hiieharmdesign.com\/et\/wp-json\/wp\/v2\/pages\/20730"}],"collection":[{"href":"https:\/\/hiieharmdesign.com\/et\/wp-json\/wp\/v2\/pages"}],"about":[{"href":"https:\/\/hiieharmdesign.com\/et\/wp-json\/wp\/v2\/types\/page"}],"author":[{"embeddable":true,"href":"https:\/\/hiieharmdesign.com\/et\/wp-json\/wp\/v2\/users\/1"}],"replies":[{"embeddable":true,"href":"https:\/\/hiieharmdesign.com\/et\/wp-json\/wp\/v2\/comments?post=20730"}],"version-history":[{"count":5,"href":"https:\/\/hiieharmdesign.com\/et\/wp-json\/wp\/v2\/pages\/20730\/revisions"}],"predecessor-version":[{"id":20736,"href":"https:\/\/hiieharmdesign.com\/et\/wp-json\/wp\/v2\/pages\/20730\/revisions\/20736"}],"wp:attachment":[{"href":"https:\/\/hiieharmdesign.com\/et\/wp-json\/wp\/v2\/media?parent=20730"}],"curies":[{"name":"wp","href":"https:\/\/api.w.org\/{rel}","templated":true}]}}