{"id":20752,"date":"2024-11-18T15:22:19","date_gmt":"2024-11-18T13:22:19","guid":{"rendered":"https:\/\/hiieharmdesign.com\/?page_id=20752"},"modified":"2024-11-18T15:22:19","modified_gmt":"2024-11-18T13:22:19","slug":"tanu-freeby-8","status":"publish","type":"page","link":"https:\/\/hiieharmdesign.com\/et\/tanu-freeby-8\/","title":{"rendered":"T\u00e4nu Freeby 8 &#8211; Visuaalselt manipuleerida ruumiga"},"content":{"rendered":"<div class=\"wpb-content-wrapper\"><p>[vc_row css_animation=&#8221;&#8221; row_type=&#8221;row&#8221; use_row_as_full_screen_section=&#8221;yes&#8221; type=&#8221;full_width&#8221; angled_section=&#8221;no&#8221; text_align=&#8221;left&#8221; background_image_as_pattern=&#8221;without_pattern&#8221; z_index=&#8221;&#8221; background_color=&#8221;#ffffff&#8221;][vc_column][vc_single_image image=&#8221;20724&#8243; img_size=&#8221;full&#8221; alignment=&#8221;center&#8221; css=&#8221;&#8221; qode_css_animation=&#8221;&#8221;][\/vc_column][\/vc_row][vc_row css_animation=&#8221;&#8221; row_type=&#8221;row&#8221; use_row_as_full_screen_section=&#8221;yes&#8221; type=&#8221;full_width&#8221; angled_section=&#8221;no&#8221; text_align=&#8221;left&#8221; background_image_as_pattern=&#8221;without_pattern&#8221; z_index=&#8221;&#8221; background_color=&#8221;#ffffff&#8221;][vc_column width=&#8221;1\/5&#8243;][\/vc_column][vc_column width=&#8221;3\/5&#8243;][vc_empty_space height=&#8221;50&#8243;][vc_column_text css=&#8221;.vc_custom_1731936047838{padding-bottom: 30px !important;}&#8221;]<\/p>\n<p style=\"text-align: center;\">Mul on r\u00f5\u00f5m jagada Sinuga oma <strong>infolehte ruumi kujundamise osas<\/strong>.<\/p>\n<p>[\/vc_column_text][vc_column_text css=&#8221;.vc_custom_1731936072918{padding-bottom: 30px !important;}&#8221;]<\/p>\n<p style=\"text-align: center;\">See on tegelikult v\u00e4ga p\u00f5nev, kuidas <strong>erinevaid v\u00e4rvitoone kasutades<\/strong>,<br \/>\nsaad muuta oma <strong>ruumi kitsamaks v\u00f5i hoopiski laiemaks, k\u00f5rgemaks v\u00f5i madalamaks<\/strong>.<\/p>\n<p>[\/vc_column_text][vc_column_text css=&#8221;.vc_custom_1731936111183{padding-bottom: 30px !important;}&#8221;]<\/p>\n<p style=\"text-align: center;\">Ja t\u00f5esti seda k\u00f5ike ainult seinu v\u00e4rvides. <a href=\"https:\/\/hiieharmdesign.com\/wp-content\/uploads\/2023\/09\/Infoleht-Visuaalselt-manipuleerida-ruumiga.pdf\" target=\"_blank\" rel=\"noopener\"><strong>Vajuta siia<\/strong><\/a> ja lae oma leht alla.<\/p>\n<p>[\/vc_column_text][vc_column_text css=&#8221;.vc_custom_1731936134553{padding-bottom: 30px !important;}&#8221;]<\/p>\n<p style=\"text-align: center;\">Loodan v\u00e4ga, et see on Sulle abiks.<\/p>\n<p>[\/vc_column_text][vc_column_text css=&#8221;.vc_custom_1731934890192{padding-bottom: 30px !important;}&#8221;]<\/p>\n<p style=\"text-align: center;\"><strong>Jagan Sulle\u00a0<\/strong><strong>ka oma\u00a0k\u00f6\u00f6gikujundamise\u00a0gruppi<\/strong>, millega saad tasuta liituda,<\/p>\n<p style=\"text-align: center;\">kui sa seda veel teinud pole &#8211;\u00a0<a href=\"https:\/\/www.facebook.com\/groups\/koogikujundamine\" target=\"_blank\" rel=\"noopener\">K\u00f6\u00f6gikujundamine Hiiega.<\/a><\/p>\n<p>[\/vc_column_text][vc_empty_space height=&#8221;50&#8243;][vc_column_text css=&#8221;.vc_custom_1731934414339{padding-bottom: 30px !important;}&#8221;]<\/p>\n<p style=\"text-align: center;\"><span style=\"color: #e20931;\">Loo oma k\u00f6\u00f6gist KODU S\u00dcDA!<\/span><\/p>\n<p style=\"text-align: center;\">Hiie<br \/>\nSinu k\u00f6\u00f6gikujundaja<\/p>\n<p>[\/vc_column_text][vc_single_image image=&#8221;20448&#8243; alignment=&#8221;center&#8221; style=&#8221;vc_box_circle_2&#8243; css=&#8221;&#8221; qode_css_animation=&#8221;&#8221;][vc_empty_space height=&#8221;25px&#8221;][\/vc_column][vc_column width=&#8221;1\/5&#8243;][\/vc_column][\/vc_row][vc_row css_animation=&#8221;&#8221; row_type=&#8221;row&#8221; use_row_as_full_screen_section=&#8221;yes&#8221; type=&#8221;full_width&#8221; angled_section=&#8221;no&#8221; text_align=&#8221;left&#8221; background_image_as_pattern=&#8221;without_pattern&#8221; z_index=&#8221;&#8221; background_color=&#8221;#222b48&#8243;][vc_column width=&#8221;1\/5&#8243;][\/vc_column][vc_column width=&#8221;1\/5&#8243;][\/vc_column][vc_column width=&#8221;1\/5&#8243;][vc_column_text css=&#8221;.vc_custom_1731931712403{padding-top: 50px !important;padding-bottom: 20px !important;}&#8221;]<span style=\"color: #d1d0d0;\">2024 K\u00f5ik \u00f5igused kaitstud<\/span>[\/vc_column_text][\/vc_column][vc_column width=&#8221;1\/5&#8243;][\/vc_column][vc_column width=&#8221;1\/5&#8243;][\/vc_column][\/vc_row]<\/p>\n<\/div>","protected":false},"excerpt":{"rendered":"<p>[vc_row css_animation=&#8221;&#8221; row_type=&#8221;row&#8221; use_row_as_full_screen_section=&#8221;yes&#8221; type=&#8221;full_width&#8221; angled_section=&#8221;no&#8221; text_align=&#8221;left&#8221; background_image_as_pattern=&#8221;without_pattern&#8221; z_index=&#8221;&#8221; background_color=&#8221;#ffffff&#8221;][vc_column][vc_single_image image=&#8221;20724&#8243; img_size=&#8221;full&#8221; alignment=&#8221;center&#8221; css=&#8221;&#8221; qode_css_animation=&#8221;&#8221;][\/vc_column][\/vc_row][vc_row css_animation=&#8221;&#8221; row_type=&#8221;row&#8221; use_row_as_full_screen_section=&#8221;yes&#8221; type=&#8221;full_width&#8221; angled_section=&#8221;no&#8221; text_align=&#8221;left&#8221; background_image_as_pattern=&#8221;without_pattern&#8221; z_index=&#8221;&#8221; background_color=&#8221;#ffffff&#8221;][vc_column width=&#8221;1\/5&#8243;][\/vc_column][vc_column width=&#8221;3\/5&#8243;][vc_empty_space height=&#8221;50&#8243;][vc_column_text css=&#8221;.vc_custom_1731936047838{padding-bottom: 30px !important;}&#8221;] Mul on r\u00f5\u00f5m jagada Sinuga oma infolehte ruumi kujundamise osas. [\/vc_column_text][vc_column_text css=&#8221;.vc_custom_1731936072918{padding-bottom: 30px !important;}&#8221;] See on tegelikult v\u00e4ga p\u00f5nev, kuidas erinevaid v\u00e4rvitoone kasutades, saad muuta oma ruumi kitsamaks v\u00f5i hoopiski laiemaks, k\u00f5rgemaks v\u00f5i madalamaks. [\/vc_column_text][vc_column_text css=&#8221;.vc_custom_1731936111183{padding-bottom: 30px !important;}&#8221;] Ja t\u00f5esti&#8230;<\/p>\n","protected":false},"author":1,"featured_media":0,"parent":0,"menu_order":0,"comment_status":"closed","ping_status":"closed","template":"landing_page.php","meta":{"_monsterinsights_skip_tracking":false,"_monsterinsights_sitenote_active":false,"_monsterinsights_sitenote_note":"","_monsterinsights_sitenote_category":0,"footnotes":""},"class_list":["post-20752","page","type-page","status-publish","hentry"],"yoast_head":"<!-- This site is optimized with the Yoast SEO plugin v25.6 - https:\/\/yoast.com\/wordpress\/plugins\/seo\/ -->\n<title>T\u00e4nu Freeby 8 - Visuaalselt manipuleerida ruumiga - Hiie H\u00e4rm<\/title>\n<meta name=\"robots\" content=\"index, follow, max-snippet:-1, max-image-preview:large, max-video-preview:-1\" \/>\n<link rel=\"canonical\" href=\"https:\/\/hiieharmdesign.com\/et\/tanu-freeby-8\/\" \/>\n<meta property=\"og:locale\" content=\"et_EE\" \/>\n<meta property=\"og:type\" content=\"article\" \/>\n<meta property=\"og:title\" content=\"T\u00e4nu Freeby 8 - Visuaalselt manipuleerida ruumiga - Hiie H\u00e4rm\" \/>\n<meta property=\"og:description\" content=\"[vc_row css_animation=&#8221;&#8221; row_type=&#8221;row&#8221; use_row_as_full_screen_section=&#8221;yes&#8221; type=&#8221;full_width&#8221; angled_section=&#8221;no&#8221; text_align=&#8221;left&#8221; background_image_as_pattern=&#8221;without_pattern&#8221; z_index=&#8221;&#8221; background_color=&#8221;#ffffff&#8221;][vc_column][vc_single_image image=&#8221;20724&#8243; img_size=&#8221;full&#8221; alignment=&#8221;center&#8221; css=&#8221;&#8221; qode_css_animation=&#8221;&#8221;][\/vc_column][\/vc_row][vc_row css_animation=&#8221;&#8221; row_type=&#8221;row&#8221; use_row_as_full_screen_section=&#8221;yes&#8221; type=&#8221;full_width&#8221; angled_section=&#8221;no&#8221; text_align=&#8221;left&#8221; background_image_as_pattern=&#8221;without_pattern&#8221; z_index=&#8221;&#8221; background_color=&#8221;#ffffff&#8221;][vc_column width=&#8221;1\/5&#8243;][\/vc_column][vc_column width=&#8221;3\/5&#8243;][vc_empty_space height=&#8221;50&#8243;][vc_column_text css=&#8221;.vc_custom_1731936047838{padding-bottom: 30px !important;}&#8221;] Mul on r\u00f5\u00f5m jagada Sinuga oma infolehte ruumi kujundamise osas. [\/vc_column_text][vc_column_text css=&#8221;.vc_custom_1731936072918{padding-bottom: 30px !important;}&#8221;] See on tegelikult v\u00e4ga p\u00f5nev, kuidas erinevaid v\u00e4rvitoone kasutades, saad muuta oma ruumi kitsamaks v\u00f5i hoopiski laiemaks, k\u00f5rgemaks v\u00f5i madalamaks. [\/vc_column_text][vc_column_text css=&#8221;.vc_custom_1731936111183{padding-bottom: 30px !important;}&#8221;] Ja t\u00f5esti...\" \/>\n<meta property=\"og:url\" content=\"https:\/\/hiieharmdesign.com\/et\/tanu-freeby-8\/\" \/>\n<meta property=\"og:site_name\" content=\"Hiie H\u00e4rm\" \/>\n<meta name=\"twitter:card\" content=\"summary_large_image\" \/>\n<meta name=\"twitter:label1\" content=\"Est. reading time\" \/>\n\t<meta name=\"twitter:data1\" content=\"2 minutit\" \/>\n<script type=\"application\/ld+json\" class=\"yoast-schema-graph\">{\"@context\":\"https:\/\/schema.org\",\"@graph\":[{\"@type\":\"WebPage\",\"@id\":\"https:\/\/hiieharmdesign.com\/et\/tanu-freeby-8\/\",\"url\":\"https:\/\/hiieharmdesign.com\/et\/tanu-freeby-8\/\",\"name\":\"T\u00e4nu Freeby 8 - Visuaalselt manipuleerida ruumiga - Hiie H\u00e4rm\",\"isPartOf\":{\"@id\":\"https:\/\/hiieharmdesign.com\/#website\"},\"datePublished\":\"2024-11-18T13:22:19+00:00\",\"breadcrumb\":{\"@id\":\"https:\/\/hiieharmdesign.com\/et\/tanu-freeby-8\/#breadcrumb\"},\"inLanguage\":\"et\",\"potentialAction\":[{\"@type\":\"ReadAction\",\"target\":[\"https:\/\/hiieharmdesign.com\/et\/tanu-freeby-8\/\"]}]},{\"@type\":\"BreadcrumbList\",\"@id\":\"https:\/\/hiieharmdesign.com\/et\/tanu-freeby-8\/#breadcrumb\",\"itemListElement\":[{\"@type\":\"ListItem\",\"position\":1,\"name\":\"Home\",\"item\":\"https:\/\/hiieharmdesign.com\/et\/\"},{\"@type\":\"ListItem\",\"position\":2,\"name\":\"T\u00e4nu Freeby 8 &#8211; Visuaalselt manipuleerida ruumiga\"}]},{\"@type\":\"WebSite\",\"@id\":\"https:\/\/hiieharmdesign.com\/#website\",\"url\":\"https:\/\/hiieharmdesign.com\/\",\"name\":\"Hiie H\u00e4rm\",\"description\":\"Kitchen Designer in web\",\"potentialAction\":[{\"@type\":\"SearchAction\",\"target\":{\"@type\":\"EntryPoint\",\"urlTemplate\":\"https:\/\/hiieharmdesign.com\/?s={search_term_string}\"},\"query-input\":{\"@type\":\"PropertyValueSpecification\",\"valueRequired\":true,\"valueName\":\"search_term_string\"}}],\"inLanguage\":\"et\"}]}<\/script>\n<!-- \/ Yoast SEO plugin. -->","yoast_head_json":{"title":"T\u00e4nu Freeby 8 - Visuaalselt manipuleerida ruumiga - Hiie H\u00e4rm","robots":{"index":"index","follow":"follow","max-snippet":"max-snippet:-1","max-image-preview":"max-image-preview:large","max-video-preview":"max-video-preview:-1"},"canonical":"https:\/\/hiieharmdesign.com\/et\/tanu-freeby-8\/","og_locale":"et_EE","og_type":"article","og_title":"T\u00e4nu Freeby 8 - Visuaalselt manipuleerida ruumiga - Hiie H\u00e4rm","og_description":"[vc_row css_animation=&#8221;&#8221; row_type=&#8221;row&#8221; use_row_as_full_screen_section=&#8221;yes&#8221; type=&#8221;full_width&#8221; angled_section=&#8221;no&#8221; text_align=&#8221;left&#8221; background_image_as_pattern=&#8221;without_pattern&#8221; z_index=&#8221;&#8221; background_color=&#8221;#ffffff&#8221;][vc_column][vc_single_image image=&#8221;20724&#8243; img_size=&#8221;full&#8221; alignment=&#8221;center&#8221; css=&#8221;&#8221; qode_css_animation=&#8221;&#8221;][\/vc_column][\/vc_row][vc_row css_animation=&#8221;&#8221; row_type=&#8221;row&#8221; use_row_as_full_screen_section=&#8221;yes&#8221; type=&#8221;full_width&#8221; angled_section=&#8221;no&#8221; text_align=&#8221;left&#8221; background_image_as_pattern=&#8221;without_pattern&#8221; z_index=&#8221;&#8221; background_color=&#8221;#ffffff&#8221;][vc_column width=&#8221;1\/5&#8243;][\/vc_column][vc_column width=&#8221;3\/5&#8243;][vc_empty_space height=&#8221;50&#8243;][vc_column_text css=&#8221;.vc_custom_1731936047838{padding-bottom: 30px !important;}&#8221;] Mul on r\u00f5\u00f5m jagada Sinuga oma infolehte ruumi kujundamise osas. [\/vc_column_text][vc_column_text css=&#8221;.vc_custom_1731936072918{padding-bottom: 30px !important;}&#8221;] See on tegelikult v\u00e4ga p\u00f5nev, kuidas erinevaid v\u00e4rvitoone kasutades, saad muuta oma ruumi kitsamaks v\u00f5i hoopiski laiemaks, k\u00f5rgemaks v\u00f5i madalamaks. [\/vc_column_text][vc_column_text css=&#8221;.vc_custom_1731936111183{padding-bottom: 30px !important;}&#8221;] Ja t\u00f5esti...","og_url":"https:\/\/hiieharmdesign.com\/et\/tanu-freeby-8\/","og_site_name":"Hiie H\u00e4rm","twitter_card":"summary_large_image","twitter_misc":{"Est. reading time":"2 minutit"},"schema":{"@context":"https:\/\/schema.org","@graph":[{"@type":"WebPage","@id":"https:\/\/hiieharmdesign.com\/et\/tanu-freeby-8\/","url":"https:\/\/hiieharmdesign.com\/et\/tanu-freeby-8\/","name":"T\u00e4nu Freeby 8 - Visuaalselt manipuleerida ruumiga - Hiie H\u00e4rm","isPartOf":{"@id":"https:\/\/hiieharmdesign.com\/#website"},"datePublished":"2024-11-18T13:22:19+00:00","breadcrumb":{"@id":"https:\/\/hiieharmdesign.com\/et\/tanu-freeby-8\/#breadcrumb"},"inLanguage":"et","potentialAction":[{"@type":"ReadAction","target":["https:\/\/hiieharmdesign.com\/et\/tanu-freeby-8\/"]}]},{"@type":"BreadcrumbList","@id":"https:\/\/hiieharmdesign.com\/et\/tanu-freeby-8\/#breadcrumb","itemListElement":[{"@type":"ListItem","position":1,"name":"Home","item":"https:\/\/hiieharmdesign.com\/et\/"},{"@type":"ListItem","position":2,"name":"T\u00e4nu Freeby 8 &#8211; Visuaalselt manipuleerida ruumiga"}]},{"@type":"WebSite","@id":"https:\/\/hiieharmdesign.com\/#website","url":"https:\/\/hiieharmdesign.com\/","name":"Hiie H\u00e4rm","description":"Kitchen Designer in web","potentialAction":[{"@type":"SearchAction","target":{"@type":"EntryPoint","urlTemplate":"https:\/\/hiieharmdesign.com\/?s={search_term_string}"},"query-input":{"@type":"PropertyValueSpecification","valueRequired":true,"valueName":"search_term_string"}}],"inLanguage":"et"}]}},"_links":{"self":[{"href":"https:\/\/hiieharmdesign.com\/et\/wp-json\/wp\/v2\/pages\/20752"}],"collection":[{"href":"https:\/\/hiieharmdesign.com\/et\/wp-json\/wp\/v2\/pages"}],"about":[{"href":"https:\/\/hiieharmdesign.com\/et\/wp-json\/wp\/v2\/types\/page"}],"author":[{"embeddable":true,"href":"https:\/\/hiieharmdesign.com\/et\/wp-json\/wp\/v2\/users\/1"}],"replies":[{"embeddable":true,"href":"https:\/\/hiieharmdesign.com\/et\/wp-json\/wp\/v2\/comments?post=20752"}],"version-history":[{"count":1,"href":"https:\/\/hiieharmdesign.com\/et\/wp-json\/wp\/v2\/pages\/20752\/revisions"}],"predecessor-version":[{"id":20753,"href":"https:\/\/hiieharmdesign.com\/et\/wp-json\/wp\/v2\/pages\/20752\/revisions\/20753"}],"wp:attachment":[{"href":"https:\/\/hiieharmdesign.com\/et\/wp-json\/wp\/v2\/media?parent=20752"}],"curies":[{"name":"wp","href":"https:\/\/api.w.org\/{rel}","templated":true}]}}