{"id":20754,"date":"2024-11-18T15:37:45","date_gmt":"2024-11-18T13:37:45","guid":{"rendered":"https:\/\/hiieharmdesign.com\/?page_id=20754"},"modified":"2024-11-18T15:48:23","modified_gmt":"2024-11-18T13:48:23","slug":"tanu-freeby-9","status":"publish","type":"page","link":"https:\/\/hiieharmdesign.com\/et\/tanu-freeby-9\/","title":{"rendered":"T\u00e4nu Freeby 9 &#8211; K\u00f6\u00f6gi ABC"},"content":{"rendered":"<div class=\"wpb-content-wrapper\"><p>[vc_row css_animation=&#8221;&#8221; row_type=&#8221;row&#8221; use_row_as_full_screen_section=&#8221;yes&#8221; type=&#8221;full_width&#8221; angled_section=&#8221;no&#8221; text_align=&#8221;left&#8221; background_image_as_pattern=&#8221;without_pattern&#8221; z_index=&#8221;&#8221; background_color=&#8221;#ffffff&#8221;][vc_column][vc_single_image image=&#8221;20724&#8243; img_size=&#8221;full&#8221; alignment=&#8221;center&#8221; css=&#8221;&#8221; qode_css_animation=&#8221;&#8221;][\/vc_column][\/vc_row][vc_row css_animation=&#8221;&#8221; row_type=&#8221;row&#8221; use_row_as_full_screen_section=&#8221;yes&#8221; type=&#8221;full_width&#8221; angled_section=&#8221;no&#8221; text_align=&#8221;left&#8221; background_image_as_pattern=&#8221;without_pattern&#8221; z_index=&#8221;&#8221; background_color=&#8221;#ffffff&#8221;][vc_column width=&#8221;1\/5&#8243;][\/vc_column][vc_column width=&#8221;3\/5&#8243;][vc_empty_space height=&#8221;50&#8243;][vc_column_text css=&#8221;.vc_custom_1731936736120{padding-bottom: 30px !important;}&#8221;]<\/p>\n<p style=\"text-align: center;\">Palju \u00f5nne, et astusid selle <strong>sammu oma Unistuste k\u00f6\u00f6gi suunas.<br \/>\n<\/strong>See videokursus on salvestatud 2022. aastal ning \u00fcks minu esimestest.<\/p>\n<p>[\/vc_column_text][vc_column_text css=&#8221;.vc_custom_1731937392231{padding-bottom: 30px !important;}&#8221;]<\/p>\n<p style=\"text-align: center;\"><strong><span style=\"color: #ff0000;\">Esimene video<\/span> on sissejuhatuseks<\/strong>, mida sellel kursusel oodata on. (<a href=\"https:\/\/www.youtube.com\/watch?v=SnBN_VmQFgg\" target=\"_blank\" rel=\"noopener\"><strong>vajuta lingile<\/strong><\/a>)<br \/>\nTeises on juba konkreetsed \u00f5petused ja sammud, millega saad alustada.<\/p>\n<p>[\/vc_column_text][vc_column_text css=&#8221;.vc_custom_1731936568079{padding-bottom: 30px !important;}&#8221;]<\/p>\n<p style=\"text-align: center;\"><strong>Jagan Sulle\u00a0<\/strong><strong>ka videos r\u00e4\u00e4gitud gruppi<\/strong>, millega saad tasuta liituda, kui sa seda veel teinud pole &#8211; <a href=\"https:\/\/www.facebook.com\/groups\/koogikujundamine\" target=\"_blank\" rel=\"noopener\" data-cke-saved-href=\"https:\/\/www.facebook.com\/groups\/koogikujundamine\">K\u00f6\u00f6gikujundamine Hiiega.<\/a><\/p>\n<p style=\"text-align: center;\">Seal on k\u00f5ik samade huvidega inimesed ning annavad h\u00e4id n\u00f5uandeid, lisaks ka mina vastan seal k\u00fcsimustele.<\/p>\n<p>[\/vc_column_text][vc_column_text css=&#8221;.vc_custom_1731937405610{padding-bottom: 30px !important;}&#8221;]<\/p>\n<p style=\"text-align: center;\"><strong><span style=\"color: #ff0000;\">Teine video<\/span><\/strong> (<a href=\"https:\/\/www.youtube.com\/watch?v=ybFfBH6qf80\" target=\"_blank\" rel=\"noopener\"><strong>link on siin<\/strong><\/a>) on palju <strong>pikem, kui eelmine<\/strong>.<br \/>\nKogunisti 17 ja pool minutit r\u00e4\u00e4gin ma Sulle k\u00f6\u00f6kidest.<\/p>\n<p>[\/vc_column_text][vc_column_text css=&#8221;.vc_custom_1731937415850{padding-bottom: 30px !important;}&#8221;]<\/p>\n<p style=\"text-align: center;\"><span style=\"color: #ff0000;\"><strong>Kolmas video<\/strong> <\/span>(<a href=\"https:\/\/www.youtube.com\/watch?v=sGumzPPB_Uo\" target=\"_blank\" rel=\"noopener\"><strong>link on siin<\/strong><\/a>). Palju \u00f5nne, kui selle video \u00e4ra vaatad, siis <strong>oled juba pool teinud.<\/strong><\/p>\n<p style=\"text-align: center;\">Selles videos r\u00e4\u00e4gin Sulle <strong>k\u00f6\u00f6gi m\u00f5\u00f5tmisest<\/strong>. \u00d5petan, kuidas m\u00f5\u00f5ta ning r\u00e4\u00e4gin, miks see on nii oluline.<\/p>\n<p>[\/vc_column_text][vc_column_text css=&#8221;.vc_custom_1731937699382{padding-bottom: 30px !important;}&#8221;]<\/p>\n<p style=\"text-align: center;\"><strong><span style=\"color: #ff0000;\">Neljas video<\/span> (<a href=\"https:\/\/www.youtube.com\/watch?v=9qnkAvXvxzk\" target=\"_blank\" rel=\"noopener\">link on siin<\/a>)<\/strong>. Ma julgeks \u00f6elda, et see video on <strong>\u00fcks infomahukam<\/strong>, sest ma r\u00e4\u00e4gin k\u00f6\u00f6gi kappidest.\u00a0<strong>Kappide m\u00f5\u00f5tudest &#8211; laiustest, s\u00fcgavustest, k\u00f5rgustest<\/strong>. R\u00e4\u00e4gin, mis on m\u00f5istlik ja mis pole eriti m\u00f5istlik. Peatun ka cargokappidel.<\/p>\n<p>[\/vc_column_text][vc_column_text css=&#8221;.vc_custom_1731937688355{padding-bottom: 30px !important;}&#8221;]<\/p>\n<p style=\"text-align: center;\"><strong><span style=\"color: #ff0000;\">Viies video<\/span> (<a href=\"https:\/\/www.youtube.com\/watch?v=eQK3HIrb0rE\" target=\"_blank\" rel=\"noopener\">link<\/a>) <\/strong>on k\u00f5ige pikem, ca 20 minutit ning oma olemuselt k\u00f5ige loomingulisem. See video on v\u00e4ga hoogne ja tempokas. Pane vahepeal pausile ja kirjuta vajalik info \u00fcles. Nii on sul kergem, kui l\u00f5puks oma k\u00f6\u00f6ki sammud ning siis seal m\u00f5tisklema asud.<\/p>\n<p>[\/vc_column_text][vc_column_text css=&#8221;.vc_custom_1731937536506{padding-bottom: 30px !important;}&#8221;]<\/p>\n<p style=\"text-align: center;\"><strong>Veelkord, palju-palju \u00f5nne Sulle!<br \/>\nOled olnud v\u00e4ga tubli ja astunud suure sammu edasi oma Unistuste k\u00f6\u00f6gi poole!<\/strong><\/p>\n<p>[\/vc_column_text][vc_empty_space height=&#8221;50&#8243;][vc_column_text css=&#8221;.vc_custom_1731934414339{padding-bottom: 30px !important;}&#8221;]<\/p>\n<p style=\"text-align: center;\"><span style=\"color: #e20931;\">Loo oma k\u00f6\u00f6gist KODU S\u00dcDA!<\/span><\/p>\n<p style=\"text-align: center;\">Hiie<br \/>\nSinu k\u00f6\u00f6gikujundaja<\/p>\n<p>[\/vc_column_text][vc_single_image image=&#8221;20448&#8243; alignment=&#8221;center&#8221; style=&#8221;vc_box_circle_2&#8243; css=&#8221;&#8221; qode_css_animation=&#8221;&#8221;][vc_empty_space height=&#8221;25px&#8221;][\/vc_column][vc_column width=&#8221;1\/5&#8243;][\/vc_column][\/vc_row][vc_row css_animation=&#8221;&#8221; row_type=&#8221;row&#8221; use_row_as_full_screen_section=&#8221;yes&#8221; type=&#8221;full_width&#8221; angled_section=&#8221;no&#8221; text_align=&#8221;left&#8221; background_image_as_pattern=&#8221;without_pattern&#8221; z_index=&#8221;&#8221; background_color=&#8221;#222b48&#8243;][vc_column width=&#8221;1\/5&#8243;][\/vc_column][vc_column width=&#8221;1\/5&#8243;][\/vc_column][vc_column width=&#8221;1\/5&#8243;][vc_column_text css=&#8221;.vc_custom_1731931712403{padding-top: 50px !important;padding-bottom: 20px !important;}&#8221;]<span style=\"color: #d1d0d0;\">2024 K\u00f5ik \u00f5igused kaitstud<\/span>[\/vc_column_text][\/vc_column][vc_column width=&#8221;1\/5&#8243;][\/vc_column][vc_column width=&#8221;1\/5&#8243;][\/vc_column][\/vc_row]<\/p>\n<\/div>","protected":false},"excerpt":{"rendered":"<p>[vc_row css_animation=&#8221;&#8221; row_type=&#8221;row&#8221; use_row_as_full_screen_section=&#8221;yes&#8221; type=&#8221;full_width&#8221; angled_section=&#8221;no&#8221; text_align=&#8221;left&#8221; background_image_as_pattern=&#8221;without_pattern&#8221; z_index=&#8221;&#8221; background_color=&#8221;#ffffff&#8221;][vc_column][vc_single_image image=&#8221;20724&#8243; img_size=&#8221;full&#8221; alignment=&#8221;center&#8221; css=&#8221;&#8221; qode_css_animation=&#8221;&#8221;][\/vc_column][\/vc_row][vc_row css_animation=&#8221;&#8221; row_type=&#8221;row&#8221; use_row_as_full_screen_section=&#8221;yes&#8221; type=&#8221;full_width&#8221; angled_section=&#8221;no&#8221; text_align=&#8221;left&#8221; background_image_as_pattern=&#8221;without_pattern&#8221; z_index=&#8221;&#8221; background_color=&#8221;#ffffff&#8221;][vc_column width=&#8221;1\/5&#8243;][\/vc_column][vc_column width=&#8221;3\/5&#8243;][vc_empty_space height=&#8221;50&#8243;][vc_column_text css=&#8221;.vc_custom_1731936736120{padding-bottom: 30px !important;}&#8221;] Palju \u00f5nne, et astusid selle sammu oma Unistuste k\u00f6\u00f6gi suunas. See videokursus on salvestatud 2022. aastal ning \u00fcks minu esimestest. [\/vc_column_text][vc_column_text css=&#8221;.vc_custom_1731937392231{padding-bottom: 30px !important;}&#8221;] Esimene video on sissejuhatuseks, mida sellel kursusel oodata on. (vajuta lingile) Teises on juba konkreetsed \u00f5petused&#8230;<\/p>\n","protected":false},"author":1,"featured_media":0,"parent":0,"menu_order":0,"comment_status":"closed","ping_status":"closed","template":"landing_page.php","meta":{"_monsterinsights_skip_tracking":false,"_monsterinsights_sitenote_active":false,"_monsterinsights_sitenote_note":"","_monsterinsights_sitenote_category":0,"footnotes":""},"class_list":["post-20754","page","type-page","status-publish","hentry"],"yoast_head":"<!-- This site is optimized with the Yoast SEO plugin v25.6 - https:\/\/yoast.com\/wordpress\/plugins\/seo\/ -->\n<title>T\u00e4nu Freeby 9 - K\u00f6\u00f6gi ABC - Hiie H\u00e4rm<\/title>\n<meta name=\"robots\" content=\"index, follow, max-snippet:-1, max-image-preview:large, max-video-preview:-1\" \/>\n<link rel=\"canonical\" href=\"https:\/\/hiieharmdesign.com\/et\/tanu-freeby-9\/\" \/>\n<meta property=\"og:locale\" content=\"et_EE\" \/>\n<meta property=\"og:type\" content=\"article\" \/>\n<meta property=\"og:title\" content=\"T\u00e4nu Freeby 9 - K\u00f6\u00f6gi ABC - Hiie H\u00e4rm\" \/>\n<meta property=\"og:description\" content=\"[vc_row css_animation=&#8221;&#8221; row_type=&#8221;row&#8221; use_row_as_full_screen_section=&#8221;yes&#8221; type=&#8221;full_width&#8221; angled_section=&#8221;no&#8221; text_align=&#8221;left&#8221; background_image_as_pattern=&#8221;without_pattern&#8221; z_index=&#8221;&#8221; background_color=&#8221;#ffffff&#8221;][vc_column][vc_single_image image=&#8221;20724&#8243; img_size=&#8221;full&#8221; alignment=&#8221;center&#8221; css=&#8221;&#8221; qode_css_animation=&#8221;&#8221;][\/vc_column][\/vc_row][vc_row css_animation=&#8221;&#8221; row_type=&#8221;row&#8221; use_row_as_full_screen_section=&#8221;yes&#8221; type=&#8221;full_width&#8221; angled_section=&#8221;no&#8221; text_align=&#8221;left&#8221; background_image_as_pattern=&#8221;without_pattern&#8221; z_index=&#8221;&#8221; background_color=&#8221;#ffffff&#8221;][vc_column width=&#8221;1\/5&#8243;][\/vc_column][vc_column width=&#8221;3\/5&#8243;][vc_empty_space height=&#8221;50&#8243;][vc_column_text css=&#8221;.vc_custom_1731936736120{padding-bottom: 30px !important;}&#8221;] Palju \u00f5nne, et astusid selle sammu oma Unistuste k\u00f6\u00f6gi suunas. See videokursus on salvestatud 2022. aastal ning \u00fcks minu esimestest. [\/vc_column_text][vc_column_text css=&#8221;.vc_custom_1731937392231{padding-bottom: 30px !important;}&#8221;] Esimene video on sissejuhatuseks, mida sellel kursusel oodata on. (vajuta lingile) Teises on juba konkreetsed \u00f5petused...\" \/>\n<meta property=\"og:url\" content=\"https:\/\/hiieharmdesign.com\/et\/tanu-freeby-9\/\" \/>\n<meta property=\"og:site_name\" content=\"Hiie H\u00e4rm\" \/>\n<meta property=\"article:modified_time\" content=\"2024-11-18T13:48:23+00:00\" \/>\n<meta name=\"twitter:card\" content=\"summary_large_image\" \/>\n<meta name=\"twitter:label1\" content=\"Est. reading time\" \/>\n\t<meta name=\"twitter:data1\" content=\"2 minutit\" \/>\n<script type=\"application\/ld+json\" class=\"yoast-schema-graph\">{\"@context\":\"https:\/\/schema.org\",\"@graph\":[{\"@type\":\"WebPage\",\"@id\":\"https:\/\/hiieharmdesign.com\/et\/tanu-freeby-9\/\",\"url\":\"https:\/\/hiieharmdesign.com\/et\/tanu-freeby-9\/\",\"name\":\"T\u00e4nu Freeby 9 - K\u00f6\u00f6gi ABC - Hiie H\u00e4rm\",\"isPartOf\":{\"@id\":\"https:\/\/hiieharmdesign.com\/#website\"},\"datePublished\":\"2024-11-18T13:37:45+00:00\",\"dateModified\":\"2024-11-18T13:48:23+00:00\",\"breadcrumb\":{\"@id\":\"https:\/\/hiieharmdesign.com\/et\/tanu-freeby-9\/#breadcrumb\"},\"inLanguage\":\"et\",\"potentialAction\":[{\"@type\":\"ReadAction\",\"target\":[\"https:\/\/hiieharmdesign.com\/et\/tanu-freeby-9\/\"]}]},{\"@type\":\"BreadcrumbList\",\"@id\":\"https:\/\/hiieharmdesign.com\/et\/tanu-freeby-9\/#breadcrumb\",\"itemListElement\":[{\"@type\":\"ListItem\",\"position\":1,\"name\":\"Home\",\"item\":\"https:\/\/hiieharmdesign.com\/et\/\"},{\"@type\":\"ListItem\",\"position\":2,\"name\":\"T\u00e4nu Freeby 9 &#8211; K\u00f6\u00f6gi ABC\"}]},{\"@type\":\"WebSite\",\"@id\":\"https:\/\/hiieharmdesign.com\/#website\",\"url\":\"https:\/\/hiieharmdesign.com\/\",\"name\":\"Hiie H\u00e4rm\",\"description\":\"Kitchen Designer in web\",\"potentialAction\":[{\"@type\":\"SearchAction\",\"target\":{\"@type\":\"EntryPoint\",\"urlTemplate\":\"https:\/\/hiieharmdesign.com\/?s={search_term_string}\"},\"query-input\":{\"@type\":\"PropertyValueSpecification\",\"valueRequired\":true,\"valueName\":\"search_term_string\"}}],\"inLanguage\":\"et\"}]}<\/script>\n<!-- \/ Yoast SEO plugin. -->","yoast_head_json":{"title":"T\u00e4nu Freeby 9 - K\u00f6\u00f6gi ABC - Hiie H\u00e4rm","robots":{"index":"index","follow":"follow","max-snippet":"max-snippet:-1","max-image-preview":"max-image-preview:large","max-video-preview":"max-video-preview:-1"},"canonical":"https:\/\/hiieharmdesign.com\/et\/tanu-freeby-9\/","og_locale":"et_EE","og_type":"article","og_title":"T\u00e4nu Freeby 9 - K\u00f6\u00f6gi ABC - Hiie H\u00e4rm","og_description":"[vc_row css_animation=&#8221;&#8221; row_type=&#8221;row&#8221; use_row_as_full_screen_section=&#8221;yes&#8221; type=&#8221;full_width&#8221; angled_section=&#8221;no&#8221; text_align=&#8221;left&#8221; background_image_as_pattern=&#8221;without_pattern&#8221; z_index=&#8221;&#8221; background_color=&#8221;#ffffff&#8221;][vc_column][vc_single_image image=&#8221;20724&#8243; img_size=&#8221;full&#8221; alignment=&#8221;center&#8221; css=&#8221;&#8221; qode_css_animation=&#8221;&#8221;][\/vc_column][\/vc_row][vc_row css_animation=&#8221;&#8221; row_type=&#8221;row&#8221; use_row_as_full_screen_section=&#8221;yes&#8221; type=&#8221;full_width&#8221; angled_section=&#8221;no&#8221; text_align=&#8221;left&#8221; background_image_as_pattern=&#8221;without_pattern&#8221; z_index=&#8221;&#8221; background_color=&#8221;#ffffff&#8221;][vc_column width=&#8221;1\/5&#8243;][\/vc_column][vc_column width=&#8221;3\/5&#8243;][vc_empty_space height=&#8221;50&#8243;][vc_column_text css=&#8221;.vc_custom_1731936736120{padding-bottom: 30px !important;}&#8221;] Palju \u00f5nne, et astusid selle sammu oma Unistuste k\u00f6\u00f6gi suunas. See videokursus on salvestatud 2022. aastal ning \u00fcks minu esimestest. [\/vc_column_text][vc_column_text css=&#8221;.vc_custom_1731937392231{padding-bottom: 30px !important;}&#8221;] Esimene video on sissejuhatuseks, mida sellel kursusel oodata on. (vajuta lingile) Teises on juba konkreetsed \u00f5petused...","og_url":"https:\/\/hiieharmdesign.com\/et\/tanu-freeby-9\/","og_site_name":"Hiie H\u00e4rm","article_modified_time":"2024-11-18T13:48:23+00:00","twitter_card":"summary_large_image","twitter_misc":{"Est. reading time":"2 minutit"},"schema":{"@context":"https:\/\/schema.org","@graph":[{"@type":"WebPage","@id":"https:\/\/hiieharmdesign.com\/et\/tanu-freeby-9\/","url":"https:\/\/hiieharmdesign.com\/et\/tanu-freeby-9\/","name":"T\u00e4nu Freeby 9 - K\u00f6\u00f6gi ABC - Hiie H\u00e4rm","isPartOf":{"@id":"https:\/\/hiieharmdesign.com\/#website"},"datePublished":"2024-11-18T13:37:45+00:00","dateModified":"2024-11-18T13:48:23+00:00","breadcrumb":{"@id":"https:\/\/hiieharmdesign.com\/et\/tanu-freeby-9\/#breadcrumb"},"inLanguage":"et","potentialAction":[{"@type":"ReadAction","target":["https:\/\/hiieharmdesign.com\/et\/tanu-freeby-9\/"]}]},{"@type":"BreadcrumbList","@id":"https:\/\/hiieharmdesign.com\/et\/tanu-freeby-9\/#breadcrumb","itemListElement":[{"@type":"ListItem","position":1,"name":"Home","item":"https:\/\/hiieharmdesign.com\/et\/"},{"@type":"ListItem","position":2,"name":"T\u00e4nu Freeby 9 &#8211; K\u00f6\u00f6gi ABC"}]},{"@type":"WebSite","@id":"https:\/\/hiieharmdesign.com\/#website","url":"https:\/\/hiieharmdesign.com\/","name":"Hiie H\u00e4rm","description":"Kitchen Designer in web","potentialAction":[{"@type":"SearchAction","target":{"@type":"EntryPoint","urlTemplate":"https:\/\/hiieharmdesign.com\/?s={search_term_string}"},"query-input":{"@type":"PropertyValueSpecification","valueRequired":true,"valueName":"search_term_string"}}],"inLanguage":"et"}]}},"_links":{"self":[{"href":"https:\/\/hiieharmdesign.com\/et\/wp-json\/wp\/v2\/pages\/20754"}],"collection":[{"href":"https:\/\/hiieharmdesign.com\/et\/wp-json\/wp\/v2\/pages"}],"about":[{"href":"https:\/\/hiieharmdesign.com\/et\/wp-json\/wp\/v2\/types\/page"}],"author":[{"embeddable":true,"href":"https:\/\/hiieharmdesign.com\/et\/wp-json\/wp\/v2\/users\/1"}],"replies":[{"embeddable":true,"href":"https:\/\/hiieharmdesign.com\/et\/wp-json\/wp\/v2\/comments?post=20754"}],"version-history":[{"count":5,"href":"https:\/\/hiieharmdesign.com\/et\/wp-json\/wp\/v2\/pages\/20754\/revisions"}],"predecessor-version":[{"id":20759,"href":"https:\/\/hiieharmdesign.com\/et\/wp-json\/wp\/v2\/pages\/20754\/revisions\/20759"}],"wp:attachment":[{"href":"https:\/\/hiieharmdesign.com\/et\/wp-json\/wp\/v2\/media?parent=20754"}],"curies":[{"name":"wp","href":"https:\/\/api.w.org\/{rel}","templated":true}]}}