{"id":22554,"date":"2025-05-29T09:57:31","date_gmt":"2025-05-29T07:57:31","guid":{"rendered":"https:\/\/hiieharmdesign.com\/?page_id=22554"},"modified":"2025-10-14T11:08:18","modified_gmt":"2025-10-14T09:08:18","slug":"aitah-vaikese-koogi-paketi-ostu-eest","status":"publish","type":"page","link":"https:\/\/hiieharmdesign.com\/et\/aitah-vaikese-koogi-paketi-ostu-eest\/","title":{"rendered":"Ait\u00e4h v\u00e4ikese k\u00f6\u00f6gi paketi ostu eest"},"content":{"rendered":"<div class=\"wpb-content-wrapper\"><p>[vc_row css_animation=&#8221;&#8221; row_type=&#8221;row&#8221; use_row_as_full_screen_section=&#8221;yes&#8221; type=&#8221;full_width&#8221; angled_section=&#8221;no&#8221; text_align=&#8221;left&#8221; background_image_as_pattern=&#8221;without_pattern&#8221; z_index=&#8221;&#8221; css=&#8221;.vc_custom_1748462797381{background-color: #FFFFFF !important;border-radius: 10px !important;border-color: #E8DCCF !important;}&#8221; background_color=&#8221;#E8DCCF&#8221;][vc_column][vc_empty_space height=&#8221;75px&#8221;][vc_column_text css=&#8221;.vc_custom_1748505781034{padding-bottom: 20px !important;}&#8221;]<\/p>\n<h1 style=\"text-align: center;\">Ait\u00e4h, et ostsid paketi<\/h1>\n<p>[\/vc_column_text][vc_column_text css=&#8221;.vc_custom_1748506606406{padding-bottom: 20px !important;}&#8221;]<\/p>\n<h1 style=\"text-align: center;\"><strong data-start=\"434\" data-end=\"466\">\u201cV\u00e4ikese k\u00f6\u00f6gi planeerimine\u201d<\/strong><\/h1>\n<p>[\/vc_column_text][vc_empty_space height=&#8221;50px&#8221;][vc_column_text css=&#8221;.vc_custom_1748505718799{padding-bottom: 20px !important;}&#8221;]<\/p>\n<h2 style=\"text-align: center;\">See oli sul hea otsus.<\/h2>\n<p>[\/vc_column_text][vc_empty_space height=&#8221;75px&#8221;][vc_column_text css=&#8221;.vc_custom_1748505817028{padding-bottom: 20px !important;}&#8221;]<\/p>\n<p style=\"text-align: center;\"><strong>Siin on sinu lingid:<\/strong><\/p>\n<p>[\/vc_column_text][vc_column_text css=&#8221;.vc_custom_1748506294869{padding-bottom: 20px !important;}&#8221;]<\/p>\n<p style=\"text-align: center;\">(Need lingid on m\u00f5eldud ainult sinule. Palun \u00e4ra jaga neid kolmandatele isikutele.)<\/p>\n<p>[\/vc_column_text][vc_empty_space height=&#8221;100px&#8221;][vc_row_inner row_type=&#8221;row&#8221; type=&#8221;full_width&#8221; text_align=&#8221;left&#8221; css_animation=&#8221;&#8221;][vc_column_inner width=&#8221;1\/5&#8243;][\/vc_column_inner][vc_column_inner width=&#8221;1\/5&#8243;]<div class=\"qode-info-card-with-icon\">\n    <div class=\"qode-icwi-image-icon-holder qode-start-icon-hover\">\n\t\t\t\t\t\t<div class=\"qode-icwi-icon-holder\">\n\t\t\t<span class=\"qode-icon-holder qode-icon-circle qode-icon-small\"  style=\"background-color:#FFFFFF\" data-color=\"#E8DCCF\">\n\t\t\t\t<i class=\"qode_icon_font_awesome_5 fa5 fa fa-chalkboard-teacher qode-icon-element\" style=\"color:#E8DCCF\" ><\/i>\t\t\t<\/span>\n\t\t<\/div>\n\t\t\t<\/div>\n\t<div class=\"qode-icwi-text-holder\">\n\t\t\t\t\t<h4 class=\"qode-icwi-title\">\n\t\t\t\t2-tunnine veebinar\t\t\t<\/h4>\n\t\t\t\t\t<\/div>\n<\/div>[vc_column_text css=&#8221;&#8221;]<\/p>\n<p style=\"text-align: center;\"><a href=\"https:\/\/youtu.be\/Crll4c77e2o\" target=\"_blank\" rel=\"noopener\">Video link (vajuta)<\/a><\/p>\n<p>[\/vc_column_text][\/vc_column_inner][vc_column_inner width=&#8221;1\/5&#8243;]<div class=\"qode-info-card-with-icon\">\n    <div class=\"qode-icwi-image-icon-holder qode-start-icon-hover\">\n\t\t\t\t\t\t<div class=\"qode-icwi-icon-holder\">\n\t\t\t<span class=\"qode-icon-holder qode-icon-circle qode-icon-small\"  style=\"background-color:#FFFFFF\" data-color=\"#E8DCCF\">\n\t\t\t\t<i class=\"qode_icon_font_awesome_5 fa5 fa fa-ruler-combined qode-icon-element\" style=\"color:#E8DCCF\" ><\/i>\t\t\t<\/span>\n\t\t<\/div>\n\t\t\t<\/div>\n\t<div class=\"qode-icwi-text-holder\">\n\t\t\t\t\t<h4 class=\"qode-icwi-title\">\n\t\t\t\tBoonus: M\u00f5\u00f5tmise video\t\t\t<\/h4>\n\t\t\t\t\t<\/div>\n<\/div>[vc_column_text css=&#8221;&#8221;]<\/p>\n<p style=\"text-align: center;\"><a href=\"https:\/\/youtu.be\/BU6R0l2jgWM\" target=\"_blank\" rel=\"noopener\">Video link (vajuta)<\/a><\/p>\n<p>[\/vc_column_text][\/vc_column_inner][vc_column_inner width=&#8221;1\/5&#8243;]<div class=\"qode-info-card-with-icon\">\n    <div class=\"qode-icwi-image-icon-holder qode-start-icon-hover\">\n\t\t\t\t\t\t<div class=\"qode-icwi-icon-holder\">\n\t\t\t<span class=\"qode-icon-holder qode-icon-circle qode-icon-small\"  style=\"background-color:#FFFFFF\" data-color=\"#E8DCCF\">\n\t\t\t\t<i class=\"qode_icon_font_awesome_5 fa5 fa fa-user-friends qode-icon-element\" style=\"color:#E8DCCF\" ><\/i>\t\t\t<\/span>\n\t\t<\/div>\n\t\t\t<\/div>\n\t<div class=\"qode-icwi-text-holder\">\n\t\t\t\t\t<h4 class=\"qode-icwi-title\">\n\t\t\t\tBroneeri 30-min. Zoomi-k\u00f5ne\t\t\t<\/h4>\n\t\t\t\t\t<\/div>\n<\/div>[vc_column_text css=&#8221;&#8221;]<\/p>\n<p style=\"text-align: center;\"><a href=\"mailto:Hiie@hiieharmdesign.com\" target=\"_blank\" rel=\"noopener\">Hiie@hiieharmdesign.com<\/a><\/p>\n<p>[\/vc_column_text][\/vc_column_inner][vc_column_inner width=&#8221;1\/5&#8243;][\/vc_column_inner][\/vc_row_inner][vc_empty_space height=&#8221;75px&#8221;][vc_empty_space height=&#8221;35px&#8221;][vc_column_text css=&#8221;.vc_custom_1748506670013{padding-bottom: 20px !important;}&#8221;]<\/p>\n<h2 style=\"text-align: center;\">Veel viimaseks\u2026<\/h2>\n<p>[\/vc_column_text][vc_column_text css=&#8221;.vc_custom_1748506582789{padding-top: 20px !important;}&#8221;]<\/p>\n<p style=\"text-align: center;\">Kui sul tekib k\u00fcsimusi, kahtlusi v\u00f5i vajad t\u00e4iendavat juhendamist, siis <strong data-start=\"490\" data-end=\"515\">kirjuta mulle julgelt<\/strong>. Olen sinu jaoks olemas ja aitan alati.<\/p>\n<p>[\/vc_column_text][vc_empty_space height=&#8221;150px&#8221;][\/vc_column][\/vc_row]<\/p>\n<\/div>","protected":false},"excerpt":{"rendered":"<p>[vc_row css_animation=&#8221;&#8221; row_type=&#8221;row&#8221; use_row_as_full_screen_section=&#8221;yes&#8221; type=&#8221;full_width&#8221; angled_section=&#8221;no&#8221; text_align=&#8221;left&#8221; background_image_as_pattern=&#8221;without_pattern&#8221; z_index=&#8221;&#8221; css=&#8221;.vc_custom_1748462797381{background-color: #FFFFFF !important;border-radius: 10px !important;border-color: #E8DCCF !important;}&#8221; background_color=&#8221;#E8DCCF&#8221;][vc_column][vc_empty_space height=&#8221;75px&#8221;][vc_column_text css=&#8221;.vc_custom_1748505781034{padding-bottom: 20px !important;}&#8221;] Ait\u00e4h, et ostsid paketi [\/vc_column_text][vc_column_text css=&#8221;.vc_custom_1748506606406{padding-bottom: 20px !important;}&#8221;] \u201cV\u00e4ikese k\u00f6\u00f6gi planeerimine\u201d [\/vc_column_text][vc_empty_space height=&#8221;50px&#8221;][vc_column_text css=&#8221;.vc_custom_1748505718799{padding-bottom: 20px !important;}&#8221;] See oli sul hea otsus. [\/vc_column_text][vc_empty_space height=&#8221;75px&#8221;][vc_column_text css=&#8221;.vc_custom_1748505817028{padding-bottom: 20px !important;}&#8221;] Siin on sinu lingid: [\/vc_column_text][vc_column_text css=&#8221;.vc_custom_1748506294869{padding-bottom: 20px !important;}&#8221;] (Need lingid on m\u00f5eldud ainult sinule. Palun \u00e4ra jaga neid kolmandatele isikutele.) [\/vc_column_text][vc_empty_space height=&#8221;100px&#8221;][vc_row_inner row_type=&#8221;row&#8221;&#8230;<\/p>\n","protected":false},"author":1,"featured_media":0,"parent":0,"menu_order":0,"comment_status":"closed","ping_status":"closed","template":"","meta":{"_monsterinsights_skip_tracking":false,"_monsterinsights_sitenote_active":false,"_monsterinsights_sitenote_note":"","_monsterinsights_sitenote_category":0,"footnotes":""},"class_list":["post-22554","page","type-page","status-publish","hentry"],"yoast_head":"<!-- This site is optimized with the Yoast SEO plugin v25.6 - https:\/\/yoast.com\/wordpress\/plugins\/seo\/ -->\n<title>V\u00e4ikese k\u00f6\u00f6gi planeerimine | Praktiline pakett + Zoom-n\u00f5ustamine<\/title>\n<meta name=\"description\" content=\"Praktiline veebinar v\u00e4ikese k\u00f6\u00f6gi targaks planeerimiseks koos m\u00f5\u00f5tmise videoga ja 30-minutilise Zoom-n\u00f5ustamisega. Sobib 3\u20136 m\u00b2 k\u00f6\u00f6kidele.\" \/>\n<meta name=\"robots\" content=\"index, follow, max-snippet:-1, max-image-preview:large, max-video-preview:-1\" \/>\n<link rel=\"canonical\" href=\"https:\/\/hiieharmdesign.com\/et\/aitah-vaikese-koogi-paketi-ostu-eest\/\" \/>\n<meta property=\"og:locale\" content=\"et_EE\" \/>\n<meta property=\"og:type\" content=\"article\" \/>\n<meta property=\"og:title\" content=\"V\u00e4ikese k\u00f6\u00f6gi planeerimine | Praktiline pakett + Zoom-n\u00f5ustamine\" \/>\n<meta property=\"og:description\" content=\"Praktiline veebinar v\u00e4ikese k\u00f6\u00f6gi targaks planeerimiseks koos m\u00f5\u00f5tmise videoga ja 30-minutilise Zoom-n\u00f5ustamisega. Sobib 3\u20136 m\u00b2 k\u00f6\u00f6kidele.\" \/>\n<meta property=\"og:url\" content=\"https:\/\/hiieharmdesign.com\/et\/aitah-vaikese-koogi-paketi-ostu-eest\/\" \/>\n<meta property=\"og:site_name\" content=\"Hiie H\u00e4rm\" \/>\n<meta property=\"article:modified_time\" content=\"2025-10-14T09:08:18+00:00\" \/>\n<meta name=\"twitter:card\" content=\"summary_large_image\" \/>\n<meta name=\"twitter:label1\" content=\"Est. reading time\" \/>\n\t<meta name=\"twitter:data1\" content=\"1 minut\" \/>\n<script type=\"application\/ld+json\" class=\"yoast-schema-graph\">{\"@context\":\"https:\/\/schema.org\",\"@graph\":[{\"@type\":\"WebPage\",\"@id\":\"https:\/\/hiieharmdesign.com\/et\/aitah-vaikese-koogi-paketi-ostu-eest\/\",\"url\":\"https:\/\/hiieharmdesign.com\/et\/aitah-vaikese-koogi-paketi-ostu-eest\/\",\"name\":\"V\u00e4ikese k\u00f6\u00f6gi planeerimine | Praktiline pakett + Zoom-n\u00f5ustamine\",\"isPartOf\":{\"@id\":\"https:\/\/hiieharmdesign.com\/#website\"},\"datePublished\":\"2025-05-29T07:57:31+00:00\",\"dateModified\":\"2025-10-14T09:08:18+00:00\",\"description\":\"Praktiline veebinar v\u00e4ikese k\u00f6\u00f6gi targaks planeerimiseks koos m\u00f5\u00f5tmise videoga ja 30-minutilise Zoom-n\u00f5ustamisega. Sobib 3\u20136 m\u00b2 k\u00f6\u00f6kidele.\",\"breadcrumb\":{\"@id\":\"https:\/\/hiieharmdesign.com\/et\/aitah-vaikese-koogi-paketi-ostu-eest\/#breadcrumb\"},\"inLanguage\":\"et\",\"potentialAction\":[{\"@type\":\"ReadAction\",\"target\":[\"https:\/\/hiieharmdesign.com\/et\/aitah-vaikese-koogi-paketi-ostu-eest\/\"]}]},{\"@type\":\"BreadcrumbList\",\"@id\":\"https:\/\/hiieharmdesign.com\/et\/aitah-vaikese-koogi-paketi-ostu-eest\/#breadcrumb\",\"itemListElement\":[{\"@type\":\"ListItem\",\"position\":1,\"name\":\"Home\",\"item\":\"https:\/\/hiieharmdesign.com\/et\/\"},{\"@type\":\"ListItem\",\"position\":2,\"name\":\"Ait\u00e4h v\u00e4ikese k\u00f6\u00f6gi paketi ostu eest\"}]},{\"@type\":\"WebSite\",\"@id\":\"https:\/\/hiieharmdesign.com\/#website\",\"url\":\"https:\/\/hiieharmdesign.com\/\",\"name\":\"Hiie H\u00e4rm\",\"description\":\"Kitchen Designer in web\",\"potentialAction\":[{\"@type\":\"SearchAction\",\"target\":{\"@type\":\"EntryPoint\",\"urlTemplate\":\"https:\/\/hiieharmdesign.com\/?s={search_term_string}\"},\"query-input\":{\"@type\":\"PropertyValueSpecification\",\"valueRequired\":true,\"valueName\":\"search_term_string\"}}],\"inLanguage\":\"et\"}]}<\/script>\n<!-- \/ Yoast SEO plugin. -->","yoast_head_json":{"title":"V\u00e4ikese k\u00f6\u00f6gi planeerimine | Praktiline pakett + Zoom-n\u00f5ustamine","description":"Praktiline veebinar v\u00e4ikese k\u00f6\u00f6gi targaks planeerimiseks koos m\u00f5\u00f5tmise videoga ja 30-minutilise Zoom-n\u00f5ustamisega. Sobib 3\u20136 m\u00b2 k\u00f6\u00f6kidele.","robots":{"index":"index","follow":"follow","max-snippet":"max-snippet:-1","max-image-preview":"max-image-preview:large","max-video-preview":"max-video-preview:-1"},"canonical":"https:\/\/hiieharmdesign.com\/et\/aitah-vaikese-koogi-paketi-ostu-eest\/","og_locale":"et_EE","og_type":"article","og_title":"V\u00e4ikese k\u00f6\u00f6gi planeerimine | Praktiline pakett + Zoom-n\u00f5ustamine","og_description":"Praktiline veebinar v\u00e4ikese k\u00f6\u00f6gi targaks planeerimiseks koos m\u00f5\u00f5tmise videoga ja 30-minutilise Zoom-n\u00f5ustamisega. Sobib 3\u20136 m\u00b2 k\u00f6\u00f6kidele.","og_url":"https:\/\/hiieharmdesign.com\/et\/aitah-vaikese-koogi-paketi-ostu-eest\/","og_site_name":"Hiie H\u00e4rm","article_modified_time":"2025-10-14T09:08:18+00:00","twitter_card":"summary_large_image","twitter_misc":{"Est. reading time":"1 minut"},"schema":{"@context":"https:\/\/schema.org","@graph":[{"@type":"WebPage","@id":"https:\/\/hiieharmdesign.com\/et\/aitah-vaikese-koogi-paketi-ostu-eest\/","url":"https:\/\/hiieharmdesign.com\/et\/aitah-vaikese-koogi-paketi-ostu-eest\/","name":"V\u00e4ikese k\u00f6\u00f6gi planeerimine | Praktiline pakett + Zoom-n\u00f5ustamine","isPartOf":{"@id":"https:\/\/hiieharmdesign.com\/#website"},"datePublished":"2025-05-29T07:57:31+00:00","dateModified":"2025-10-14T09:08:18+00:00","description":"Praktiline veebinar v\u00e4ikese k\u00f6\u00f6gi targaks planeerimiseks koos m\u00f5\u00f5tmise videoga ja 30-minutilise Zoom-n\u00f5ustamisega. Sobib 3\u20136 m\u00b2 k\u00f6\u00f6kidele.","breadcrumb":{"@id":"https:\/\/hiieharmdesign.com\/et\/aitah-vaikese-koogi-paketi-ostu-eest\/#breadcrumb"},"inLanguage":"et","potentialAction":[{"@type":"ReadAction","target":["https:\/\/hiieharmdesign.com\/et\/aitah-vaikese-koogi-paketi-ostu-eest\/"]}]},{"@type":"BreadcrumbList","@id":"https:\/\/hiieharmdesign.com\/et\/aitah-vaikese-koogi-paketi-ostu-eest\/#breadcrumb","itemListElement":[{"@type":"ListItem","position":1,"name":"Home","item":"https:\/\/hiieharmdesign.com\/et\/"},{"@type":"ListItem","position":2,"name":"Ait\u00e4h v\u00e4ikese k\u00f6\u00f6gi paketi ostu eest"}]},{"@type":"WebSite","@id":"https:\/\/hiieharmdesign.com\/#website","url":"https:\/\/hiieharmdesign.com\/","name":"Hiie H\u00e4rm","description":"Kitchen Designer in web","potentialAction":[{"@type":"SearchAction","target":{"@type":"EntryPoint","urlTemplate":"https:\/\/hiieharmdesign.com\/?s={search_term_string}"},"query-input":{"@type":"PropertyValueSpecification","valueRequired":true,"valueName":"search_term_string"}}],"inLanguage":"et"}]}},"_links":{"self":[{"href":"https:\/\/hiieharmdesign.com\/et\/wp-json\/wp\/v2\/pages\/22554"}],"collection":[{"href":"https:\/\/hiieharmdesign.com\/et\/wp-json\/wp\/v2\/pages"}],"about":[{"href":"https:\/\/hiieharmdesign.com\/et\/wp-json\/wp\/v2\/types\/page"}],"author":[{"embeddable":true,"href":"https:\/\/hiieharmdesign.com\/et\/wp-json\/wp\/v2\/users\/1"}],"replies":[{"embeddable":true,"href":"https:\/\/hiieharmdesign.com\/et\/wp-json\/wp\/v2\/comments?post=22554"}],"version-history":[{"count":4,"href":"https:\/\/hiieharmdesign.com\/et\/wp-json\/wp\/v2\/pages\/22554\/revisions"}],"predecessor-version":[{"id":22876,"href":"https:\/\/hiieharmdesign.com\/et\/wp-json\/wp\/v2\/pages\/22554\/revisions\/22876"}],"wp:attachment":[{"href":"https:\/\/hiieharmdesign.com\/et\/wp-json\/wp\/v2\/media?parent=22554"}],"curies":[{"name":"wp","href":"https:\/\/api.w.org\/{rel}","templated":true}]}}