{"id":2396,"date":"2021-06-08T09:23:14","date_gmt":"2021-06-08T07:23:14","guid":{"rendered":"https:\/\/hiieharmdesign.com\/?page_id=2396"},"modified":"2025-05-29T13:22:34","modified_gmt":"2025-05-29T11:22:34","slug":"blogi","status":"publish","type":"page","link":"https:\/\/hiieharmdesign.com\/et\/blogi\/","title":{"rendered":"Blogi"},"content":{"rendered":"<div class=\"wpb-content-wrapper\"><p>[vc_row css_animation=&#8221;&#8221; row_type=&#8221;row&#8221; use_row_as_full_screen_section=&#8221;no&#8221; type=&#8221;full_width&#8221; angled_section=&#8221;no&#8221; text_align=&#8221;left&#8221; background_image_as_pattern=&#8221;without_pattern&#8221;][vc_column width=&#8221;1\/4&#8243;][vc_single_image image=&#8221;16494&#8243; img_size=&#8221;200&#215;200&#8243; alignment=&#8221;center&#8221; css=&#8221;.vc_custom_1679928297365{padding-bottom: 20px !important;}&#8221; qode_css_animation=&#8221;&#8221;][\/vc_column][vc_column width=&#8221;3\/4&#8243;][vc_column_text css=&#8221;.vc_custom_1623136669179{padding-bottom: 20px !important;}&#8221;]<\/p>\n<h3>Tere tulemast minu blogi lehele!<\/h3>\n<p>[\/vc_column_text][vc_column_text css=&#8221;&#8221;]Minu kirg k\u00f6\u00f6gikujunduse vastu sai alguse juba ammu \u2013 koos sellega ka soov jagada k\u00f5ike, mida olen \u00f5ppinud. Blogist leiad lugusid maailma k\u00f6\u00f6gitrendidest, praktilisi n\u00f5uandeid ja ideid, mis aitavad sul oma k\u00f6\u00f6gi planeerimisel targemaid valikuid teha. Usun, et iga k\u00f6\u00f6k saab olla ilus, mugav ja just sulle loodud \u2013 ning minu blogi aitab sellele sammukese l\u00e4hemale.[\/vc_column_text][vc_empty_space height=&#8221;50px&#8221;][\/vc_column][\/vc_row][vc_row css_animation=&#8221;&#8221; row_type=&#8221;row&#8221; use_row_as_full_screen_section=&#8221;no&#8221; type=&#8221;full_width&#8221; angled_section=&#8221;no&#8221; text_align=&#8221;left&#8221; background_image_as_pattern=&#8221;without_pattern&#8221;][vc_column][vc_column_text css=&#8221;&#8221;]<\/p>\n<p style=\"text-align: center;\"><span style=\"color: #a28b75;\"><strong>Siit saad kiiresti valida, milliseid artikleid n\u00e4ha soovid. Vajuta nimetusele.<\/strong><\/span><\/p>\n<p>[\/vc_column_text][vc_empty_space][\/vc_column][\/vc_row]<\/p>\n<\/div>","protected":false},"excerpt":{"rendered":"<p>[vc_row css_animation=&#8221;&#8221; row_type=&#8221;row&#8221; use_row_as_full_screen_section=&#8221;no&#8221; type=&#8221;full_width&#8221; angled_section=&#8221;no&#8221; text_align=&#8221;left&#8221; background_image_as_pattern=&#8221;without_pattern&#8221;][vc_column width=&#8221;1\/4&#8243;][vc_single_image image=&#8221;16494&#8243; img_size=&#8221;200&#215;200&#8243; alignment=&#8221;center&#8221; css=&#8221;.vc_custom_1679928297365{padding-bottom: 20px !important;}&#8221; qode_css_animation=&#8221;&#8221;][\/vc_column][vc_column width=&#8221;3\/4&#8243;][vc_column_text css=&#8221;.vc_custom_1623136669179{padding-bottom: 20px !important;}&#8221;] Tere tulemast minu blogi lehele! [\/vc_column_text][vc_column_text css=&#8221;&#8221;]Minu kirg k\u00f6\u00f6gikujunduse vastu sai alguse juba ammu \u2013 koos sellega ka soov jagada k\u00f5ike, mida olen \u00f5ppinud. Blogist leiad lugusid maailma k\u00f6\u00f6gitrendidest, praktilisi n\u00f5uandeid ja ideid, mis aitavad sul oma k\u00f6\u00f6gi planeerimisel targemaid valikuid teha. Usun, et iga k\u00f6\u00f6k saab olla ilus, mugav&#8230;<\/p>\n","protected":false},"author":1,"featured_media":0,"parent":0,"menu_order":0,"comment_status":"closed","ping_status":"closed","template":"blog-masonry.php","meta":{"_monsterinsights_skip_tracking":false,"_monsterinsights_sitenote_active":false,"_monsterinsights_sitenote_note":"","_monsterinsights_sitenote_category":0,"footnotes":""},"class_list":["post-2396","page","type-page","status-publish","hentry"],"yoast_head":"<!-- This site is optimized with the Yoast SEO plugin v25.6 - https:\/\/yoast.com\/wordpress\/plugins\/seo\/ -->\n<title>K\u00f6\u00f6gidisaini n\u00f5uanded ja inspiratsioon \u2013 Blogi | Hiie H\u00e4rm<\/title>\n<meta name=\"description\" content=\"Avasta praktilisi k\u00f6\u00f6gidisaini nippe, klientide kogemuslugusid ja n\u00f5uandeid k\u00f6\u00f6gi planeerimiseks. K\u00f6\u00f6gikujundaja Hiie H\u00e4rmi blogi on loodud selleks, et sa ei eksiks uue k\u00f6\u00f6gi teekonnal.\" \/>\n<meta name=\"robots\" content=\"index, follow, max-snippet:-1, max-image-preview:large, max-video-preview:-1\" \/>\n<link rel=\"canonical\" href=\"https:\/\/hiieharmdesign.com\/et\/blogi\/\" \/>\n<meta property=\"og:locale\" content=\"et_EE\" \/>\n<meta property=\"og:type\" content=\"article\" \/>\n<meta property=\"og:title\" content=\"K\u00f6\u00f6gidisaini n\u00f5uanded ja inspiratsioon \u2013 Blogi | Hiie H\u00e4rm\" \/>\n<meta property=\"og:description\" content=\"Avasta praktilisi k\u00f6\u00f6gidisaini nippe, klientide kogemuslugusid ja n\u00f5uandeid k\u00f6\u00f6gi planeerimiseks. K\u00f6\u00f6gikujundaja Hiie H\u00e4rmi blogi on loodud selleks, et sa ei eksiks uue k\u00f6\u00f6gi teekonnal.\" \/>\n<meta property=\"og:url\" content=\"https:\/\/hiieharmdesign.com\/et\/blogi\/\" \/>\n<meta property=\"og:site_name\" content=\"Hiie H\u00e4rm\" \/>\n<meta property=\"article:modified_time\" content=\"2025-05-29T11:22:34+00:00\" \/>\n<meta name=\"twitter:card\" content=\"summary_large_image\" \/>\n<meta name=\"twitter:label1\" content=\"Est. reading time\" \/>\n\t<meta name=\"twitter:data1\" content=\"1 minut\" \/>\n<script type=\"application\/ld+json\" class=\"yoast-schema-graph\">{\"@context\":\"https:\/\/schema.org\",\"@graph\":[{\"@type\":\"WebPage\",\"@id\":\"https:\/\/hiieharmdesign.com\/et\/blogi\/\",\"url\":\"https:\/\/hiieharmdesign.com\/et\/blogi\/\",\"name\":\"K\u00f6\u00f6gidisaini n\u00f5uanded ja inspiratsioon \u2013 Blogi | Hiie H\u00e4rm\",\"isPartOf\":{\"@id\":\"https:\/\/hiieharmdesign.com\/#website\"},\"datePublished\":\"2021-06-08T07:23:14+00:00\",\"dateModified\":\"2025-05-29T11:22:34+00:00\",\"description\":\"Avasta praktilisi k\u00f6\u00f6gidisaini nippe, klientide kogemuslugusid ja n\u00f5uandeid k\u00f6\u00f6gi planeerimiseks. K\u00f6\u00f6gikujundaja Hiie H\u00e4rmi blogi on loodud selleks, et sa ei eksiks uue k\u00f6\u00f6gi teekonnal.\",\"breadcrumb\":{\"@id\":\"https:\/\/hiieharmdesign.com\/et\/blogi\/#breadcrumb\"},\"inLanguage\":\"et\",\"potentialAction\":[{\"@type\":\"ReadAction\",\"target\":[\"https:\/\/hiieharmdesign.com\/et\/blogi\/\"]}]},{\"@type\":\"BreadcrumbList\",\"@id\":\"https:\/\/hiieharmdesign.com\/et\/blogi\/#breadcrumb\",\"itemListElement\":[{\"@type\":\"ListItem\",\"position\":1,\"name\":\"Home\",\"item\":\"https:\/\/hiieharmdesign.com\/et\/\"},{\"@type\":\"ListItem\",\"position\":2,\"name\":\"Blogi\"}]},{\"@type\":\"WebSite\",\"@id\":\"https:\/\/hiieharmdesign.com\/#website\",\"url\":\"https:\/\/hiieharmdesign.com\/\",\"name\":\"Hiie H\u00e4rm\",\"description\":\"Kitchen Designer in web\",\"potentialAction\":[{\"@type\":\"SearchAction\",\"target\":{\"@type\":\"EntryPoint\",\"urlTemplate\":\"https:\/\/hiieharmdesign.com\/?s={search_term_string}\"},\"query-input\":{\"@type\":\"PropertyValueSpecification\",\"valueRequired\":true,\"valueName\":\"search_term_string\"}}],\"inLanguage\":\"et\"}]}<\/script>\n<!-- \/ Yoast SEO plugin. -->","yoast_head_json":{"title":"K\u00f6\u00f6gidisaini n\u00f5uanded ja inspiratsioon \u2013 Blogi | Hiie H\u00e4rm","description":"Avasta praktilisi k\u00f6\u00f6gidisaini nippe, klientide kogemuslugusid ja n\u00f5uandeid k\u00f6\u00f6gi planeerimiseks. K\u00f6\u00f6gikujundaja Hiie H\u00e4rmi blogi on loodud selleks, et sa ei eksiks uue k\u00f6\u00f6gi teekonnal.","robots":{"index":"index","follow":"follow","max-snippet":"max-snippet:-1","max-image-preview":"max-image-preview:large","max-video-preview":"max-video-preview:-1"},"canonical":"https:\/\/hiieharmdesign.com\/et\/blogi\/","og_locale":"et_EE","og_type":"article","og_title":"K\u00f6\u00f6gidisaini n\u00f5uanded ja inspiratsioon \u2013 Blogi | Hiie H\u00e4rm","og_description":"Avasta praktilisi k\u00f6\u00f6gidisaini nippe, klientide kogemuslugusid ja n\u00f5uandeid k\u00f6\u00f6gi planeerimiseks. K\u00f6\u00f6gikujundaja Hiie H\u00e4rmi blogi on loodud selleks, et sa ei eksiks uue k\u00f6\u00f6gi teekonnal.","og_url":"https:\/\/hiieharmdesign.com\/et\/blogi\/","og_site_name":"Hiie H\u00e4rm","article_modified_time":"2025-05-29T11:22:34+00:00","twitter_card":"summary_large_image","twitter_misc":{"Est. reading time":"1 minut"},"schema":{"@context":"https:\/\/schema.org","@graph":[{"@type":"WebPage","@id":"https:\/\/hiieharmdesign.com\/et\/blogi\/","url":"https:\/\/hiieharmdesign.com\/et\/blogi\/","name":"K\u00f6\u00f6gidisaini n\u00f5uanded ja inspiratsioon \u2013 Blogi | Hiie H\u00e4rm","isPartOf":{"@id":"https:\/\/hiieharmdesign.com\/#website"},"datePublished":"2021-06-08T07:23:14+00:00","dateModified":"2025-05-29T11:22:34+00:00","description":"Avasta praktilisi k\u00f6\u00f6gidisaini nippe, klientide kogemuslugusid ja n\u00f5uandeid k\u00f6\u00f6gi planeerimiseks. K\u00f6\u00f6gikujundaja Hiie H\u00e4rmi blogi on loodud selleks, et sa ei eksiks uue k\u00f6\u00f6gi teekonnal.","breadcrumb":{"@id":"https:\/\/hiieharmdesign.com\/et\/blogi\/#breadcrumb"},"inLanguage":"et","potentialAction":[{"@type":"ReadAction","target":["https:\/\/hiieharmdesign.com\/et\/blogi\/"]}]},{"@type":"BreadcrumbList","@id":"https:\/\/hiieharmdesign.com\/et\/blogi\/#breadcrumb","itemListElement":[{"@type":"ListItem","position":1,"name":"Home","item":"https:\/\/hiieharmdesign.com\/et\/"},{"@type":"ListItem","position":2,"name":"Blogi"}]},{"@type":"WebSite","@id":"https:\/\/hiieharmdesign.com\/#website","url":"https:\/\/hiieharmdesign.com\/","name":"Hiie H\u00e4rm","description":"Kitchen Designer in web","potentialAction":[{"@type":"SearchAction","target":{"@type":"EntryPoint","urlTemplate":"https:\/\/hiieharmdesign.com\/?s={search_term_string}"},"query-input":{"@type":"PropertyValueSpecification","valueRequired":true,"valueName":"search_term_string"}}],"inLanguage":"et"}]}},"_links":{"self":[{"href":"https:\/\/hiieharmdesign.com\/et\/wp-json\/wp\/v2\/pages\/2396"}],"collection":[{"href":"https:\/\/hiieharmdesign.com\/et\/wp-json\/wp\/v2\/pages"}],"about":[{"href":"https:\/\/hiieharmdesign.com\/et\/wp-json\/wp\/v2\/types\/page"}],"author":[{"embeddable":true,"href":"https:\/\/hiieharmdesign.com\/et\/wp-json\/wp\/v2\/users\/1"}],"replies":[{"embeddable":true,"href":"https:\/\/hiieharmdesign.com\/et\/wp-json\/wp\/v2\/comments?post=2396"}],"version-history":[{"count":11,"href":"https:\/\/hiieharmdesign.com\/et\/wp-json\/wp\/v2\/pages\/2396\/revisions"}],"predecessor-version":[{"id":22578,"href":"https:\/\/hiieharmdesign.com\/et\/wp-json\/wp\/v2\/pages\/2396\/revisions\/22578"}],"wp:attachment":[{"href":"https:\/\/hiieharmdesign.com\/et\/wp-json\/wp\/v2\/media?parent=2396"}],"curies":[{"name":"wp","href":"https:\/\/api.w.org\/{rel}","templated":true}]}}