{"id":2561,"date":"2021-06-08T13:12:51","date_gmt":"2021-06-08T11:12:51","guid":{"rendered":"https:\/\/hiieharmdesign.com\/?page_id=2561"},"modified":"2025-05-29T11:10:29","modified_gmt":"2025-05-29T09:10:29","slug":"kontakt","status":"publish","type":"page","link":"https:\/\/hiieharmdesign.com\/et\/kontakt\/","title":{"rendered":"Kontakt"},"content":{"rendered":"<div class=\"wpb-content-wrapper\"><p>[vc_row css_animation=&#8221;&#8221; row_type=&#8221;row&#8221; use_row_as_full_screen_section=&#8221;no&#8221; type=&#8221;full_width&#8221; angled_section=&#8221;no&#8221; text_align=&#8221;left&#8221; background_image_as_pattern=&#8221;without_pattern&#8221;][vc_column][vc_column_text css=&#8221;.vc_custom_1748507561980{padding-bottom: 20px !important;}&#8221;]<\/p>\n<h1 style=\"text-align: center;\">V\u00f5ta \u00fchendust<\/h1>\n<p>[\/vc_column_text][vc_column_text css=&#8221;.vc_custom_1748507621448{padding-top: 30px !important;}&#8221;]<\/p>\n<p style=\"text-align: center;\">Kas sul on k\u00fcsimusi v\u00f5i soovid koost\u00f6\u00f6d alustada?<\/p>\n<p style=\"text-align: center;\">Kirjuta julgelt &#8211; vastan tavaliselt \u00fche t\u00f6\u00f6p\u00e4eva jooksul.<\/p>\n<p>[\/vc_column_text][\/vc_column][\/vc_row][vc_row css_animation=&#8221;&#8221; row_type=&#8221;row&#8221; use_row_as_full_screen_section=&#8221;no&#8221; type=&#8221;full_width&#8221; angled_section=&#8221;no&#8221; text_align=&#8221;left&#8221; background_image_as_pattern=&#8221;without_pattern&#8221;][vc_column width=&#8221;1\/4&#8243;][\/vc_column][vc_column width=&#8221;1\/2&#8243;]<div class=\"wpforms-container wpforms-container-full\" id=\"wpforms-2554\"><form id=\"wpforms-form-2554\" class=\"wpforms-validate wpforms-form\" data-formid=\"2554\" method=\"post\" enctype=\"multipart\/form-data\" action=\"\/et\/wp-json\/wp\/v2\/pages\/2561\" data-token=\"17d96d974493ad2dbf5a32983918c8f2\" data-token-time=\"1776851960\"><noscript class=\"wpforms-error-noscript\">Please enable JavaScript in your browser to complete this form.<\/noscript><div class=\"wpforms-field-container\"><div id=\"wpforms-2554-field_0-container\" class=\"wpforms-field wpforms-field-name\" data-field-id=\"0\"><label class=\"wpforms-field-label wpforms-label-hide\" for=\"wpforms-2554-field_0\">Sinu nimi <span class=\"wpforms-required-label\">*<\/span><\/label><input type=\"text\" id=\"wpforms-2554-field_0\" class=\"wpforms-field-large wpforms-field-required\" name=\"wpforms[fields][0]\" placeholder=\"Nimi\" required><\/div><div id=\"wpforms-2554-field_1-container\" class=\"wpforms-field wpforms-field-email\" data-field-id=\"1\"><label class=\"wpforms-field-label wpforms-label-hide\" for=\"wpforms-2554-field_1\">Sinu e-posti aadress <span class=\"wpforms-required-label\">*<\/span><\/label><input type=\"email\" id=\"wpforms-2554-field_1\" class=\"wpforms-field-large wpforms-field-required\" name=\"wpforms[fields][1]\" placeholder=\"E-post\" spellcheck=\"false\" required><\/div><div id=\"wpforms-2554-field_2-container\" class=\"wpforms-field wpforms-field-textarea\" data-field-id=\"2\"><label class=\"wpforms-field-label wpforms-label-hide\" for=\"wpforms-2554-field_2\">Kuidas saan sind aidata? <span class=\"wpforms-required-label\">*<\/span><\/label><textarea id=\"wpforms-2554-field_2\" class=\"wpforms-field-medium wpforms-field-required\" name=\"wpforms[fields][2]\" placeholder=\"Kirjuta siia oma k\u00fcsimus v\u00f5i m\u00f5te...\" required><\/textarea><\/div><\/div><!-- .wpforms-field-container --><div class=\"wpforms-field wpforms-field-hp\"><label for=\"wpforms-2554-field-hp\" class=\"wpforms-field-label\">Name<\/label><input type=\"text\" name=\"wpforms[hp]\" id=\"wpforms-2554-field-hp\" class=\"wpforms-field-medium\"><\/div><div class=\"wpforms-submit-container\" ><input type=\"hidden\" name=\"wpforms[id]\" value=\"2554\"><input type=\"hidden\" name=\"page_title\" value=\"\"><input type=\"hidden\" name=\"page_url\" value=\"https:\/\/hiieharmdesign.com\/et\/wp-json\/wp\/v2\/pages\/2561\"><input type=\"hidden\" name=\"url_referer\" value=\"\"><button type=\"submit\" name=\"wpforms[submit]\" id=\"wpforms-submit-2554\" class=\"wpforms-submit\" data-alt-text=\"Saadan ...\" data-submit-text=\"Saada\" aria-live=\"assertive\" value=\"wpforms-submit\">Saada<\/button><\/div><\/form><\/div>  <!-- .wpforms-container --><div class='q_icon_with_title tiny normal_icon left_from_title '><div class=\"icon_text_holder\" style=\"\"><div class=\"icon_text_inner\" style=\"\"><div class=\"icon_title_holder\"><div class=\"icon_holder \" style=\" \"><span data-icon-type=\"normal\"   style=\"\" class=\"qode_iwt_icon_holder q_font_awsome_icon fa-lg  \"><i class=\"qode_icon_font_awesome_5 fa5 fa fa-envelope qode_iwt_icon_element\" style=\"\" ><\/i><\/span><\/div><h5 class=\"icon_title\" style=\"\">hiie@hiieharmdesign.com<\/h5><\/div><p style=''><\/p><\/div><\/div><\/div>[\/vc_column][vc_column width=&#8221;1\/4&#8243;][\/vc_column][\/vc_row]<\/p>\n<\/div>","protected":false},"excerpt":{"rendered":"<p>[vc_row css_animation=&#8221;&#8221; row_type=&#8221;row&#8221; use_row_as_full_screen_section=&#8221;no&#8221; type=&#8221;full_width&#8221; angled_section=&#8221;no&#8221; text_align=&#8221;left&#8221; background_image_as_pattern=&#8221;without_pattern&#8221;][vc_column][vc_column_text css=&#8221;.vc_custom_1748507561980{padding-bottom: 20px !important;}&#8221;] V\u00f5ta \u00fchendust [\/vc_column_text][vc_column_text css=&#8221;.vc_custom_1748507621448{padding-top: 30px !important;}&#8221;] Kas sul on k\u00fcsimusi v\u00f5i soovid koost\u00f6\u00f6d alustada? Kirjuta julgelt &#8211; vastan tavaliselt \u00fche t\u00f6\u00f6p\u00e4eva jooksul. [\/vc_column_text][\/vc_column][\/vc_row][vc_row css_animation=&#8221;&#8221; row_type=&#8221;row&#8221; use_row_as_full_screen_section=&#8221;no&#8221; type=&#8221;full_width&#8221; angled_section=&#8221;no&#8221; text_align=&#8221;left&#8221; background_image_as_pattern=&#8221;without_pattern&#8221;][vc_column width=&#8221;1\/4&#8243;][\/vc_column][vc_column width=&#8221;1\/2&#8243;][\/vc_column][vc_column width=&#8221;1\/4&#8243;][\/vc_column][\/vc_row]<\/p>\n","protected":false},"author":1,"featured_media":0,"parent":0,"menu_order":0,"comment_status":"closed","ping_status":"closed","template":"","meta":{"_monsterinsights_skip_tracking":false,"_monsterinsights_sitenote_active":false,"_monsterinsights_sitenote_note":"","_monsterinsights_sitenote_category":0,"footnotes":""},"class_list":["post-2561","page","type-page","status-publish","hentry"],"yoast_head":"<!-- This site is optimized with the Yoast SEO plugin v25.6 - https:\/\/yoast.com\/wordpress\/plugins\/seo\/ -->\n<title>Hiie H\u00e4rm | K\u00f6\u00f6gikujundaja \u2013 V\u00f5ta \u00fchendust<\/title>\n<meta name=\"description\" content=\"Kas soovid alustada koost\u00f6\u00f6d v\u00f5i k\u00fcsida n\u00f5u? Kirjuta Hiiele \u2013 professionaalne k\u00f6\u00f6gidisainer aitab sul luua sinu unistuste k\u00f6\u00f6gi. Vastus 1 t\u00f6\u00f6p\u00e4eva jooksul.\" \/>\n<meta name=\"robots\" content=\"index, follow, max-snippet:-1, max-image-preview:large, max-video-preview:-1\" \/>\n<link rel=\"canonical\" href=\"https:\/\/hiieharmdesign.com\/et\/kontakt\/\" \/>\n<meta property=\"og:locale\" content=\"et_EE\" \/>\n<meta property=\"og:type\" content=\"article\" \/>\n<meta property=\"og:title\" content=\"Hiie H\u00e4rm | K\u00f6\u00f6gikujundaja \u2013 V\u00f5ta \u00fchendust\" \/>\n<meta property=\"og:description\" content=\"Kas soovid alustada koost\u00f6\u00f6d v\u00f5i k\u00fcsida n\u00f5u? Kirjuta Hiiele \u2013 professionaalne k\u00f6\u00f6gidisainer aitab sul luua sinu unistuste k\u00f6\u00f6gi. Vastus 1 t\u00f6\u00f6p\u00e4eva jooksul.\" \/>\n<meta property=\"og:url\" content=\"https:\/\/hiieharmdesign.com\/et\/kontakt\/\" \/>\n<meta property=\"og:site_name\" content=\"Hiie H\u00e4rm\" \/>\n<meta property=\"article:modified_time\" content=\"2025-05-29T09:10:29+00:00\" \/>\n<meta name=\"twitter:card\" content=\"summary_large_image\" \/>\n<meta name=\"twitter:label1\" content=\"Est. reading time\" \/>\n\t<meta name=\"twitter:data1\" content=\"1 minut\" \/>\n<script type=\"application\/ld+json\" class=\"yoast-schema-graph\">{\"@context\":\"https:\/\/schema.org\",\"@graph\":[{\"@type\":\"WebPage\",\"@id\":\"https:\/\/hiieharmdesign.com\/et\/kontakt\/\",\"url\":\"https:\/\/hiieharmdesign.com\/et\/kontakt\/\",\"name\":\"Hiie H\u00e4rm | K\u00f6\u00f6gikujundaja \u2013 V\u00f5ta \u00fchendust\",\"isPartOf\":{\"@id\":\"https:\/\/hiieharmdesign.com\/#website\"},\"datePublished\":\"2021-06-08T11:12:51+00:00\",\"dateModified\":\"2025-05-29T09:10:29+00:00\",\"description\":\"Kas soovid alustada koost\u00f6\u00f6d v\u00f5i k\u00fcsida n\u00f5u? Kirjuta Hiiele \u2013 professionaalne k\u00f6\u00f6gidisainer aitab sul luua sinu unistuste k\u00f6\u00f6gi. Vastus 1 t\u00f6\u00f6p\u00e4eva jooksul.\",\"breadcrumb\":{\"@id\":\"https:\/\/hiieharmdesign.com\/et\/kontakt\/#breadcrumb\"},\"inLanguage\":\"et\",\"potentialAction\":[{\"@type\":\"ReadAction\",\"target\":[\"https:\/\/hiieharmdesign.com\/et\/kontakt\/\"]}]},{\"@type\":\"BreadcrumbList\",\"@id\":\"https:\/\/hiieharmdesign.com\/et\/kontakt\/#breadcrumb\",\"itemListElement\":[{\"@type\":\"ListItem\",\"position\":1,\"name\":\"Home\",\"item\":\"https:\/\/hiieharmdesign.com\/et\/\"},{\"@type\":\"ListItem\",\"position\":2,\"name\":\"Kontakt\"}]},{\"@type\":\"WebSite\",\"@id\":\"https:\/\/hiieharmdesign.com\/#website\",\"url\":\"https:\/\/hiieharmdesign.com\/\",\"name\":\"Hiie H\u00e4rm\",\"description\":\"Kitchen Designer in web\",\"potentialAction\":[{\"@type\":\"SearchAction\",\"target\":{\"@type\":\"EntryPoint\",\"urlTemplate\":\"https:\/\/hiieharmdesign.com\/?s={search_term_string}\"},\"query-input\":{\"@type\":\"PropertyValueSpecification\",\"valueRequired\":true,\"valueName\":\"search_term_string\"}}],\"inLanguage\":\"et\"}]}<\/script>\n<!-- \/ Yoast SEO plugin. -->","yoast_head_json":{"title":"Hiie H\u00e4rm | K\u00f6\u00f6gikujundaja \u2013 V\u00f5ta \u00fchendust","description":"Kas soovid alustada koost\u00f6\u00f6d v\u00f5i k\u00fcsida n\u00f5u? Kirjuta Hiiele \u2013 professionaalne k\u00f6\u00f6gidisainer aitab sul luua sinu unistuste k\u00f6\u00f6gi. Vastus 1 t\u00f6\u00f6p\u00e4eva jooksul.","robots":{"index":"index","follow":"follow","max-snippet":"max-snippet:-1","max-image-preview":"max-image-preview:large","max-video-preview":"max-video-preview:-1"},"canonical":"https:\/\/hiieharmdesign.com\/et\/kontakt\/","og_locale":"et_EE","og_type":"article","og_title":"Hiie H\u00e4rm | K\u00f6\u00f6gikujundaja \u2013 V\u00f5ta \u00fchendust","og_description":"Kas soovid alustada koost\u00f6\u00f6d v\u00f5i k\u00fcsida n\u00f5u? Kirjuta Hiiele \u2013 professionaalne k\u00f6\u00f6gidisainer aitab sul luua sinu unistuste k\u00f6\u00f6gi. Vastus 1 t\u00f6\u00f6p\u00e4eva jooksul.","og_url":"https:\/\/hiieharmdesign.com\/et\/kontakt\/","og_site_name":"Hiie H\u00e4rm","article_modified_time":"2025-05-29T09:10:29+00:00","twitter_card":"summary_large_image","twitter_misc":{"Est. reading time":"1 minut"},"schema":{"@context":"https:\/\/schema.org","@graph":[{"@type":"WebPage","@id":"https:\/\/hiieharmdesign.com\/et\/kontakt\/","url":"https:\/\/hiieharmdesign.com\/et\/kontakt\/","name":"Hiie H\u00e4rm | K\u00f6\u00f6gikujundaja \u2013 V\u00f5ta \u00fchendust","isPartOf":{"@id":"https:\/\/hiieharmdesign.com\/#website"},"datePublished":"2021-06-08T11:12:51+00:00","dateModified":"2025-05-29T09:10:29+00:00","description":"Kas soovid alustada koost\u00f6\u00f6d v\u00f5i k\u00fcsida n\u00f5u? Kirjuta Hiiele \u2013 professionaalne k\u00f6\u00f6gidisainer aitab sul luua sinu unistuste k\u00f6\u00f6gi. Vastus 1 t\u00f6\u00f6p\u00e4eva jooksul.","breadcrumb":{"@id":"https:\/\/hiieharmdesign.com\/et\/kontakt\/#breadcrumb"},"inLanguage":"et","potentialAction":[{"@type":"ReadAction","target":["https:\/\/hiieharmdesign.com\/et\/kontakt\/"]}]},{"@type":"BreadcrumbList","@id":"https:\/\/hiieharmdesign.com\/et\/kontakt\/#breadcrumb","itemListElement":[{"@type":"ListItem","position":1,"name":"Home","item":"https:\/\/hiieharmdesign.com\/et\/"},{"@type":"ListItem","position":2,"name":"Kontakt"}]},{"@type":"WebSite","@id":"https:\/\/hiieharmdesign.com\/#website","url":"https:\/\/hiieharmdesign.com\/","name":"Hiie H\u00e4rm","description":"Kitchen Designer in web","potentialAction":[{"@type":"SearchAction","target":{"@type":"EntryPoint","urlTemplate":"https:\/\/hiieharmdesign.com\/?s={search_term_string}"},"query-input":{"@type":"PropertyValueSpecification","valueRequired":true,"valueName":"search_term_string"}}],"inLanguage":"et"}]}},"_links":{"self":[{"href":"https:\/\/hiieharmdesign.com\/et\/wp-json\/wp\/v2\/pages\/2561"}],"collection":[{"href":"https:\/\/hiieharmdesign.com\/et\/wp-json\/wp\/v2\/pages"}],"about":[{"href":"https:\/\/hiieharmdesign.com\/et\/wp-json\/wp\/v2\/types\/page"}],"author":[{"embeddable":true,"href":"https:\/\/hiieharmdesign.com\/et\/wp-json\/wp\/v2\/users\/1"}],"replies":[{"embeddable":true,"href":"https:\/\/hiieharmdesign.com\/et\/wp-json\/wp\/v2\/comments?post=2561"}],"version-history":[{"count":7,"href":"https:\/\/hiieharmdesign.com\/et\/wp-json\/wp\/v2\/pages\/2561\/revisions"}],"predecessor-version":[{"id":13031,"href":"https:\/\/hiieharmdesign.com\/et\/wp-json\/wp\/v2\/pages\/2561\/revisions\/13031"}],"wp:attachment":[{"href":"https:\/\/hiieharmdesign.com\/et\/wp-json\/wp\/v2\/media?parent=2561"}],"curies":[{"name":"wp","href":"https:\/\/api.w.org\/{rel}","templated":true}]}}